{"id":2211,"date":"2013-08-19T11:31:20","date_gmt":"2013-08-19T11:31:20","guid":{"rendered":"https:\/\/astoria.hr\/selling-dreams-croatian-contemporary-fashion-photography\/"},"modified":"2013-08-19T11:31:20","modified_gmt":"2013-08-19T11:31:20","slug":"selling-dreams-croatian-contemporary-fashion-photography","status":"publish","type":"page","link":"https:\/\/astoria.hr\/en\/selling-dreams-croatian-contemporary-fashion-photography\/","title":{"rendered":"Selling dreams &#8211; Croatian contemporary fashion photography"},"content":{"rendered":"<h2>  Zvonimir Gallery, Ba\u0161ka, May 13 &#8211; May 27, 2016. Production: Livingstone &amp; Photodays 2012. <\/h2>\n<p>  In the past ten years, fashion photography in Croatia has gained importance and is becoming more visible and influential in the media with the appearance of new events and magazines dedicated to fashion. Authors represented at this exhibition &#8211; Mare Milin, Ivana Vu\u010di\u0107, Marko Grubi\u0161i\u0107, Mladen \u0160ari\u0107, Bruna Kazinoti, Sanja Bistri\u010di\u0107 and Decker&amp;Kuti\u0107.&nbsp; <strong>Download the exhibition catalog here (PDF):<\/strong> <a href=\"http:\/\/www.livingstone.hr\/wp-content\/uploads\/2013\/08\/Prodaja-snova_Rovinj_PhotoDays_2012_web.pdf\">Prodaja-snova_Rovinj_PhotoDays_2012_web<\/a> <\/p>\n","protected":false},"excerpt":{"rendered":"<p>Zvonimir Gallery, Ba\u0161ka, May 13 &#8211; May 27, 2016. Production: [&hellip;]<\/p>\n","protected":false},"author":1,"featured_media":1944,"parent":0,"menu_order":0,"comment_status":"open","ping_status":"open","template":"","meta":{"_acf_changed":false,"footnotes":""},"class_list":["post-2211","page","type-page","status-publish","has-post-thumbnail","hentry"],"acf":[],"yoast_head":"<!-- This site is optimized with the Yoast SEO plugin v23.4 - https:\/\/yoast.com\/wordpress\/plugins\/seo\/ -->\n<title>Selling dreams - Croatian contemporary fashion photography - Astoria centar<\/title>\n<meta name=\"robots\" content=\"index, follow, max-snippet:-1, max-image-preview:large, max-video-preview:-1\" \/>\n<link rel=\"canonical\" href=\"https:\/\/astoria.hr\/en\/selling-dreams-croatian-contemporary-fashion-photography\/\" \/>\n<meta property=\"og:locale\" content=\"en_US\" \/>\n<meta property=\"og:type\" content=\"article\" \/>\n<meta property=\"og:title\" content=\"Selling dreams - Croatian contemporary fashion photography - Astoria centar\" \/>\n<meta property=\"og:description\" content=\"Zvonimir Gallery, Ba\u0161ka, May 13 &#8211; May 27, 2016. Production: [&hellip;]\" \/>\n<meta property=\"og:url\" content=\"https:\/\/astoria.hr\/en\/selling-dreams-croatian-contemporary-fashion-photography\/\" \/>\n<meta property=\"og:site_name\" content=\"Astoria centar\" \/>\n<meta name=\"twitter:card\" content=\"summary_large_image\" \/>\n<script type=\"application\/ld+json\" class=\"yoast-schema-graph\">{\"@context\":\"https:\/\/schema.org\",\"@graph\":[{\"@type\":\"WebPage\",\"@id\":\"https:\/\/astoria.hr\/en\/selling-dreams-croatian-contemporary-fashion-photography\/\",\"url\":\"https:\/\/astoria.hr\/en\/selling-dreams-croatian-contemporary-fashion-photography\/\",\"name\":\"Selling dreams - Croatian contemporary fashion photography - Astoria centar\",\"isPartOf\":{\"@id\":\"https:\/\/astoria.hr\/en\/#website\"},\"primaryImageOfPage\":{\"@id\":\"https:\/\/astoria.hr\/en\/selling-dreams-croatian-contemporary-fashion-photography\/#primaryimage\"},\"image\":{\"@id\":\"https:\/\/astoria.hr\/en\/selling-dreams-croatian-contemporary-fashion-photography\/#primaryimage\"},\"thumbnailUrl\":\"https:\/\/astoria.hr\/wp-content\/uploads\/2023\/07\/signature-1.png\",\"datePublished\":\"2013-08-19T11:31:20+00:00\",\"dateModified\":\"2013-08-19T11:31:20+00:00\",\"breadcrumb\":{\"@id\":\"https:\/\/astoria.hr\/en\/selling-dreams-croatian-contemporary-fashion-photography\/#breadcrumb\"},\"inLanguage\":\"en-US\",\"potentialAction\":[{\"@type\":\"ReadAction\",\"target\":[\"https:\/\/astoria.hr\/en\/selling-dreams-croatian-contemporary-fashion-photography\/\"]}]},{\"@type\":\"ImageObject\",\"inLanguage\":\"en-US\",\"@id\":\"https:\/\/astoria.hr\/en\/selling-dreams-croatian-contemporary-fashion-photography\/#primaryimage\",\"url\":\"https:\/\/astoria.hr\/wp-content\/uploads\/2023\/07\/signature-1.png\",\"contentUrl\":\"https:\/\/astoria.hr\/wp-content\/uploads\/2023\/07\/signature-1.png\",\"width\":174,\"height\":63},{\"@type\":\"BreadcrumbList\",\"@id\":\"https:\/\/astoria.hr\/en\/selling-dreams-croatian-contemporary-fashion-photography\/#breadcrumb\",\"itemListElement\":[{\"@type\":\"ListItem\",\"position\":1,\"name\":\"Home\",\"item\":\"https:\/\/astoria.hr\/en\/cover-page\/\"},{\"@type\":\"ListItem\",\"position\":2,\"name\":\"Selling dreams &#8211; Croatian contemporary fashion photography\"}]},{\"@type\":\"WebSite\",\"@id\":\"https:\/\/astoria.hr\/en\/#website\",\"url\":\"https:\/\/astoria.hr\/en\/\",\"name\":\"Astoria centar\",\"description\":\"Rijeka\",\"potentialAction\":[{\"@type\":\"SearchAction\",\"target\":{\"@type\":\"EntryPoint\",\"urlTemplate\":\"https:\/\/astoria.hr\/en\/?s={search_term_string}\"},\"query-input\":{\"@type\":\"PropertyValueSpecification\",\"valueRequired\":true,\"valueName\":\"search_term_string\"}}],\"inLanguage\":\"en-US\"}]}<\/script>\n<!-- \/ Yoast SEO plugin. -->","yoast_head_json":{"title":"Selling dreams - Croatian contemporary fashion photography - Astoria centar","robots":{"index":"index","follow":"follow","max-snippet":"max-snippet:-1","max-image-preview":"max-image-preview:large","max-video-preview":"max-video-preview:-1"},"canonical":"https:\/\/astoria.hr\/en\/selling-dreams-croatian-contemporary-fashion-photography\/","og_locale":"en_US","og_type":"article","og_title":"Selling dreams - Croatian contemporary fashion photography - Astoria centar","og_description":"Zvonimir Gallery, Ba\u0161ka, May 13 &#8211; May 27, 2016. Production: [&hellip;]","og_url":"https:\/\/astoria.hr\/en\/selling-dreams-croatian-contemporary-fashion-photography\/","og_site_name":"Astoria centar","twitter_card":"summary_large_image","schema":{"@context":"https:\/\/schema.org","@graph":[{"@type":"WebPage","@id":"https:\/\/astoria.hr\/en\/selling-dreams-croatian-contemporary-fashion-photography\/","url":"https:\/\/astoria.hr\/en\/selling-dreams-croatian-contemporary-fashion-photography\/","name":"Selling dreams - Croatian contemporary fashion photography - Astoria centar","isPartOf":{"@id":"https:\/\/astoria.hr\/en\/#website"},"primaryImageOfPage":{"@id":"https:\/\/astoria.hr\/en\/selling-dreams-croatian-contemporary-fashion-photography\/#primaryimage"},"image":{"@id":"https:\/\/astoria.hr\/en\/selling-dreams-croatian-contemporary-fashion-photography\/#primaryimage"},"thumbnailUrl":"https:\/\/astoria.hr\/wp-content\/uploads\/2023\/07\/signature-1.png","datePublished":"2013-08-19T11:31:20+00:00","dateModified":"2013-08-19T11:31:20+00:00","breadcrumb":{"@id":"https:\/\/astoria.hr\/en\/selling-dreams-croatian-contemporary-fashion-photography\/#breadcrumb"},"inLanguage":"en-US","potentialAction":[{"@type":"ReadAction","target":["https:\/\/astoria.hr\/en\/selling-dreams-croatian-contemporary-fashion-photography\/"]}]},{"@type":"ImageObject","inLanguage":"en-US","@id":"https:\/\/astoria.hr\/en\/selling-dreams-croatian-contemporary-fashion-photography\/#primaryimage","url":"https:\/\/astoria.hr\/wp-content\/uploads\/2023\/07\/signature-1.png","contentUrl":"https:\/\/astoria.hr\/wp-content\/uploads\/2023\/07\/signature-1.png","width":174,"height":63},{"@type":"BreadcrumbList","@id":"https:\/\/astoria.hr\/en\/selling-dreams-croatian-contemporary-fashion-photography\/#breadcrumb","itemListElement":[{"@type":"ListItem","position":1,"name":"Home","item":"https:\/\/astoria.hr\/en\/cover-page\/"},{"@type":"ListItem","position":2,"name":"Selling dreams &#8211; Croatian contemporary fashion photography"}]},{"@type":"WebSite","@id":"https:\/\/astoria.hr\/en\/#website","url":"https:\/\/astoria.hr\/en\/","name":"Astoria centar","description":"Rijeka","potentialAction":[{"@type":"SearchAction","target":{"@type":"EntryPoint","urlTemplate":"https:\/\/astoria.hr\/en\/?s={search_term_string}"},"query-input":{"@type":"PropertyValueSpecification","valueRequired":true,"valueName":"search_term_string"}}],"inLanguage":"en-US"}]}},"_links":{"self":[{"href":"https:\/\/astoria.hr\/en\/wp-json\/wp\/v2\/pages\/2211","targetHints":{"allow":["GET"]}}],"collection":[{"href":"https:\/\/astoria.hr\/en\/wp-json\/wp\/v2\/pages"}],"about":[{"href":"https:\/\/astoria.hr\/en\/wp-json\/wp\/v2\/types\/page"}],"author":[{"embeddable":true,"href":"https:\/\/astoria.hr\/en\/wp-json\/wp\/v2\/users\/1"}],"replies":[{"embeddable":true,"href":"https:\/\/astoria.hr\/en\/wp-json\/wp\/v2\/comments?post=2211"}],"version-history":[{"count":0,"href":"https:\/\/astoria.hr\/en\/wp-json\/wp\/v2\/pages\/2211\/revisions"}],"wp:featuredmedia":[{"embeddable":true,"href":"https:\/\/astoria.hr\/en\/wp-json\/wp\/v2\/media\/1944"}],"wp:attachment":[{"href":"https:\/\/astoria.hr\/en\/wp-json\/wp\/v2\/media?parent=2211"}],"curies":[{"name":"wp","href":"https:\/\/api.w.org\/{rel}","templated":true}]}}