{"id":2174,"date":"2017-07-06T11:16:55","date_gmt":"2017-07-06T11:16:55","guid":{"rendered":"https:\/\/astoria.hr\/a-classic-in-mirine\/"},"modified":"2017-07-06T11:16:55","modified_gmt":"2017-07-06T11:16:55","slug":"a-classic-in-mirine","status":"publish","type":"page","link":"https:\/\/astoria.hr\/en\/a-classic-in-mirine\/","title":{"rendered":"A classic in Mirine"},"content":{"rendered":"<p><strong>The ancient site of Mirine Fulfinum<\/strong>&nbsp; it already has a wonderful atmosphere in itself. When classical music is added to that, the atmosphere is ideal. &nbsp;<strong>Classic on<\/strong>&nbsp; <strong>I smell<\/strong> <strong>a<\/strong>&nbsp; there are a series of concerts by various classical artists that will be held during this season. This year&#8217;s &#8220;Classics on Mirina&#8221; program begins on Wednesday, July 3, 2024. All concerts will start at 9:00 p.m.     <strong>Entrance is free.<\/strong><\/p>\n<p><strong>Program:<\/strong><\/p>\n<p><strong>Wednesday, 3.7. Zlatko Josip Grgi\u0107, guitar: &#8220;Evening of Spanish Music&#8221; <\/strong>  From an early age he was surrounded by the world&#8217;s best guitarists such as Leo Witoszynskyj, Tommy Emmanuel, and was taught by his father, a guitar teacher. In his already numerous international performances, Zlatko emphasizes emotion, authenticity and expressiveness and continues the tradition of the old Spanish, Catalan school.   <strong>Wednesday 17.7. Stefan Milenkovi\u0107, violin and Natalija Mladenovi\u0107, piano &#8211; Works of famous composers: &nbsp;<\/strong><strong>Christian Sinding<\/strong>&nbsp; <strong>, Beethoven,<\/strong>&nbsp; <strong>H. Wieniawski, Parta, Ravela.<\/strong> Each of his concerts is special, he is a world name, a former violinist child prodigy, and he seems so simple, calm, dedicated to his notes and the violin. The piano accompanist is Natalija Mladenovi\u0107, a renowned pianist from Serbia, who has gained a reputation as a superb piano accompanist and inspiring soloist through her many years of work and performances.   <strong>Tuesday, 23.7. Flavio Apro, guitar <\/strong>  is one of the world&#8217;s best guitarists and a respected international teacher and recognized music researcher. He was a student of the legendary Argentine Monina Tavora, from whom he inherited the style of Tarrega-Segovia. He regularly performs in large Brazilian concert halls, as well as in America, Europe and Asia. He released several CDs for the prestigious Brilliant Classics label in the Netherlands, such as &#8220;Flavio Apro Plays Napoleon Coste&#8221;, &#8220;Nocturne&#8221; and &#8220;Brazilian Guitar&#8221; and &#8220;Viol\u00e3o Brasileiro&#8221;     <strong>Wednesday, 31.7. Sr\u0111an Bulatovi\u0107 and Darko Nik\u010devi\u0107, guitar duo: &#8220;The Sea&#8221; <\/strong>  Their unique blend of Balkan irregular rhythms and many other international influences evokes the beauty of Mediterranean and Oriental mysticism. Presenting their own compositions that &#8216;speak in the languages&#8217; of classical and flamenco guitars, they have been performing for domestic and numerous international audiences around the world for 30 years.   <strong>The program is organized by the Municipality of Omi\u0161alj, while the co-financier is the Primorje-Gorski Kotar County.<\/strong><\/p>\n<p><strong>Entry is free!<\/strong><\/p>\n","protected":false},"excerpt":{"rendered":"<p>The ancient site of Mirine Fulfinum&nbsp; it already has a [&hellip;]<\/p>\n","protected":false},"author":1,"featured_media":0,"parent":0,"menu_order":0,"comment_status":"closed","ping_status":"closed","template":"","meta":{"_acf_changed":false,"footnotes":""},"class_list":["post-2174","page","type-page","status-publish","hentry"],"acf":[],"yoast_head":"<!-- This site is optimized with the Yoast SEO plugin v23.4 - https:\/\/yoast.com\/wordpress\/plugins\/seo\/ -->\n<title>A classic in Mirine - Astoria centar<\/title>\n<meta name=\"robots\" content=\"index, follow, max-snippet:-1, max-image-preview:large, max-video-preview:-1\" \/>\n<link rel=\"canonical\" href=\"https:\/\/astoria.hr\/en\/a-classic-in-mirine\/\" \/>\n<meta property=\"og:locale\" content=\"en_US\" \/>\n<meta property=\"og:type\" content=\"article\" \/>\n<meta property=\"og:title\" content=\"A classic in Mirine - Astoria centar\" \/>\n<meta property=\"og:description\" content=\"The ancient site of Mirine Fulfinum&nbsp; it already has a [&hellip;]\" \/>\n<meta property=\"og:url\" content=\"https:\/\/astoria.hr\/en\/a-classic-in-mirine\/\" \/>\n<meta property=\"og:site_name\" content=\"Astoria centar\" \/>\n<meta name=\"twitter:card\" content=\"summary_large_image\" \/>\n<meta name=\"twitter:label1\" content=\"Est. reading time\" \/>\n\t<meta name=\"twitter:data1\" content=\"2 minutes\" \/>\n<script type=\"application\/ld+json\" class=\"yoast-schema-graph\">{\"@context\":\"https:\/\/schema.org\",\"@graph\":[{\"@type\":\"WebPage\",\"@id\":\"https:\/\/astoria.hr\/en\/a-classic-in-mirine\/\",\"url\":\"https:\/\/astoria.hr\/en\/a-classic-in-mirine\/\",\"name\":\"A classic in Mirine - Astoria centar\",\"isPartOf\":{\"@id\":\"https:\/\/astoria.hr\/en\/#website\"},\"datePublished\":\"2017-07-06T11:16:55+00:00\",\"dateModified\":\"2017-07-06T11:16:55+00:00\",\"breadcrumb\":{\"@id\":\"https:\/\/astoria.hr\/en\/a-classic-in-mirine\/#breadcrumb\"},\"inLanguage\":\"en-US\",\"potentialAction\":[{\"@type\":\"ReadAction\",\"target\":[\"https:\/\/astoria.hr\/en\/a-classic-in-mirine\/\"]}]},{\"@type\":\"BreadcrumbList\",\"@id\":\"https:\/\/astoria.hr\/en\/a-classic-in-mirine\/#breadcrumb\",\"itemListElement\":[{\"@type\":\"ListItem\",\"position\":1,\"name\":\"Home\",\"item\":\"https:\/\/astoria.hr\/en\/cover-page\/\"},{\"@type\":\"ListItem\",\"position\":2,\"name\":\"A classic in Mirine\"}]},{\"@type\":\"WebSite\",\"@id\":\"https:\/\/astoria.hr\/en\/#website\",\"url\":\"https:\/\/astoria.hr\/en\/\",\"name\":\"Astoria centar\",\"description\":\"Rijeka\",\"potentialAction\":[{\"@type\":\"SearchAction\",\"target\":{\"@type\":\"EntryPoint\",\"urlTemplate\":\"https:\/\/astoria.hr\/en\/?s={search_term_string}\"},\"query-input\":{\"@type\":\"PropertyValueSpecification\",\"valueRequired\":true,\"valueName\":\"search_term_string\"}}],\"inLanguage\":\"en-US\"}]}<\/script>\n<!-- \/ Yoast SEO plugin. -->","yoast_head_json":{"title":"A classic in Mirine - Astoria centar","robots":{"index":"index","follow":"follow","max-snippet":"max-snippet:-1","max-image-preview":"max-image-preview:large","max-video-preview":"max-video-preview:-1"},"canonical":"https:\/\/astoria.hr\/en\/a-classic-in-mirine\/","og_locale":"en_US","og_type":"article","og_title":"A classic in Mirine - Astoria centar","og_description":"The ancient site of Mirine Fulfinum&nbsp; it already has a [&hellip;]","og_url":"https:\/\/astoria.hr\/en\/a-classic-in-mirine\/","og_site_name":"Astoria centar","twitter_card":"summary_large_image","twitter_misc":{"Est. reading time":"2 minutes"},"schema":{"@context":"https:\/\/schema.org","@graph":[{"@type":"WebPage","@id":"https:\/\/astoria.hr\/en\/a-classic-in-mirine\/","url":"https:\/\/astoria.hr\/en\/a-classic-in-mirine\/","name":"A classic in Mirine - Astoria centar","isPartOf":{"@id":"https:\/\/astoria.hr\/en\/#website"},"datePublished":"2017-07-06T11:16:55+00:00","dateModified":"2017-07-06T11:16:55+00:00","breadcrumb":{"@id":"https:\/\/astoria.hr\/en\/a-classic-in-mirine\/#breadcrumb"},"inLanguage":"en-US","potentialAction":[{"@type":"ReadAction","target":["https:\/\/astoria.hr\/en\/a-classic-in-mirine\/"]}]},{"@type":"BreadcrumbList","@id":"https:\/\/astoria.hr\/en\/a-classic-in-mirine\/#breadcrumb","itemListElement":[{"@type":"ListItem","position":1,"name":"Home","item":"https:\/\/astoria.hr\/en\/cover-page\/"},{"@type":"ListItem","position":2,"name":"A classic in Mirine"}]},{"@type":"WebSite","@id":"https:\/\/astoria.hr\/en\/#website","url":"https:\/\/astoria.hr\/en\/","name":"Astoria centar","description":"Rijeka","potentialAction":[{"@type":"SearchAction","target":{"@type":"EntryPoint","urlTemplate":"https:\/\/astoria.hr\/en\/?s={search_term_string}"},"query-input":{"@type":"PropertyValueSpecification","valueRequired":true,"valueName":"search_term_string"}}],"inLanguage":"en-US"}]}},"_links":{"self":[{"href":"https:\/\/astoria.hr\/en\/wp-json\/wp\/v2\/pages\/2174","targetHints":{"allow":["GET"]}}],"collection":[{"href":"https:\/\/astoria.hr\/en\/wp-json\/wp\/v2\/pages"}],"about":[{"href":"https:\/\/astoria.hr\/en\/wp-json\/wp\/v2\/types\/page"}],"author":[{"embeddable":true,"href":"https:\/\/astoria.hr\/en\/wp-json\/wp\/v2\/users\/1"}],"replies":[{"embeddable":true,"href":"https:\/\/astoria.hr\/en\/wp-json\/wp\/v2\/comments?post=2174"}],"version-history":[{"count":0,"href":"https:\/\/astoria.hr\/en\/wp-json\/wp\/v2\/pages\/2174\/revisions"}],"wp:attachment":[{"href":"https:\/\/astoria.hr\/en\/wp-json\/wp\/v2\/media?parent=2174"}],"curies":[{"name":"wp","href":"https:\/\/api.w.org\/{rel}","templated":true}]}}