{"id":2173,"date":"2017-08-08T08:23:20","date_gmt":"2017-08-08T08:23:20","guid":{"rendered":"https:\/\/astoria.hr\/blue-code\/"},"modified":"2017-08-08T08:23:20","modified_gmt":"2017-08-08T08:23:20","slug":"blue-code","status":"publish","type":"page","link":"https:\/\/astoria.hr\/en\/blue-code\/","title":{"rendered":"Blue code"},"content":{"rendered":"<h2>Blue code &#8211; works of art from the fund of MMSU Rijeka Ba\u0161ka, Zvonimir Gallery 4.8. &#8211; 7\/9\/2017 <\/h2>\n<p>  Contemplative artistic content that approaches the limit of metaphysics is the common denominator of the works presented at the Blue Code exhibition. The selected images thematize the landscape of the sea, stripped of all kinds of visual noise, reduced to the blue of the sea and its changes, which, by communicating different states, create enchanting connections with the observer. Primordial, primitive nature, the presentation of its elusive forms, the wealth of unpredictable visions is a long-standing challenge for artists. The longevity of the same content and its innumerable interpretations through different historical and stylistic periods is an aggravating circumstance for those who tackle the topic trying to actualize it from the perspective of the present: the topic remains tempting and challenging, inspiring to its creator, interesting to the observer. Although the majority of exhibited works depict a concrete fragment of the seascape, a famous island, a named bay or bay, the atmosphere achieved in the painting is what we read as its primary content. A calm day and a completely silent sea, a sunset that spreads warm pink tones on the surface intertwined with the blue of the sea (John Janko Leard), dawn, dusk or a state before a storm (Josip Moretti-Zajc, Vladimir Udatny) are demanding visual images that can only be presented by excellent author. The view that opens in front of the intending traveler heading towards the sea from the interior, his encounter with the bay, the islands and the magical moment of the sun&#8217;s last rays penetrating through the cloud and their contact with the open sea was uniquely portrayed by the authority of landscape painting, Ljubo Babi\u0107. Although only a part of the frame is devoted to the sea, and the main part of it is occupied by the reduced architecture, we perceive the sea as the main motif of Oton Postru\u017enik&#8217;s painting. The abstract versions of the seascape are special because of their ingenious artistic solutions: flat blue (Ivo Kalina) and geometrically structured frame (Zdravko Mili\u0107) in which the sea is imposed as a recognizable motif. The code or key for reading the bruise shown in the works is a variable dimension that oscillates from the literal enjoyment of the images that sublimate all the beauty of the depicted nature to the one that needs an additional dose of involvement and engagement when reading and deciphering them.           <\/p>\n<p style=\"text-align: right;\"><strong>Vilma Bartoli\u0107<\/strong><\/p>\n<p>&nbsp;<\/p>\n<h2>Authors:<\/h2>\n<p>  Oton Postru\u017enik Ljubo Babi\u0107 Ivo Kalina Zdravko Mili\u0107 Josip Moretti-Zajc John Janko Leard Vladimir Udatny  <\/p>\n<p style=\"text-align: right;\">&nbsp;<\/p>\n","protected":false},"excerpt":{"rendered":"<p>Blue code &#8211; works of art from the fund of [&hellip;]<\/p>\n","protected":false},"author":1,"featured_media":0,"parent":0,"menu_order":0,"comment_status":"closed","ping_status":"closed","template":"","meta":{"_acf_changed":false,"footnotes":""},"class_list":["post-2173","page","type-page","status-publish","hentry"],"acf":[],"yoast_head":"<!-- This site is optimized with the Yoast SEO plugin v23.4 - https:\/\/yoast.com\/wordpress\/plugins\/seo\/ -->\n<title>Blue code - Astoria centar<\/title>\n<meta name=\"robots\" content=\"index, follow, max-snippet:-1, max-image-preview:large, max-video-preview:-1\" \/>\n<link rel=\"canonical\" href=\"https:\/\/astoria.hr\/en\/blue-code\/\" \/>\n<meta property=\"og:locale\" content=\"en_US\" \/>\n<meta property=\"og:type\" content=\"article\" \/>\n<meta property=\"og:title\" content=\"Blue code - Astoria centar\" \/>\n<meta property=\"og:description\" content=\"Blue code &#8211; works of art from the fund of [&hellip;]\" \/>\n<meta property=\"og:url\" content=\"https:\/\/astoria.hr\/en\/blue-code\/\" \/>\n<meta property=\"og:site_name\" content=\"Astoria centar\" \/>\n<meta name=\"twitter:card\" content=\"summary_large_image\" \/>\n<meta name=\"twitter:label1\" content=\"Est. reading time\" \/>\n\t<meta name=\"twitter:data1\" content=\"2 minutes\" \/>\n<script type=\"application\/ld+json\" class=\"yoast-schema-graph\">{\"@context\":\"https:\/\/schema.org\",\"@graph\":[{\"@type\":\"WebPage\",\"@id\":\"https:\/\/astoria.hr\/en\/blue-code\/\",\"url\":\"https:\/\/astoria.hr\/en\/blue-code\/\",\"name\":\"Blue code - Astoria centar\",\"isPartOf\":{\"@id\":\"https:\/\/astoria.hr\/en\/#website\"},\"datePublished\":\"2017-08-08T08:23:20+00:00\",\"dateModified\":\"2017-08-08T08:23:20+00:00\",\"breadcrumb\":{\"@id\":\"https:\/\/astoria.hr\/en\/blue-code\/#breadcrumb\"},\"inLanguage\":\"en-US\",\"potentialAction\":[{\"@type\":\"ReadAction\",\"target\":[\"https:\/\/astoria.hr\/en\/blue-code\/\"]}]},{\"@type\":\"BreadcrumbList\",\"@id\":\"https:\/\/astoria.hr\/en\/blue-code\/#breadcrumb\",\"itemListElement\":[{\"@type\":\"ListItem\",\"position\":1,\"name\":\"Home\",\"item\":\"https:\/\/astoria.hr\/en\/cover-page\/\"},{\"@type\":\"ListItem\",\"position\":2,\"name\":\"Blue code\"}]},{\"@type\":\"WebSite\",\"@id\":\"https:\/\/astoria.hr\/en\/#website\",\"url\":\"https:\/\/astoria.hr\/en\/\",\"name\":\"Astoria centar\",\"description\":\"Rijeka\",\"potentialAction\":[{\"@type\":\"SearchAction\",\"target\":{\"@type\":\"EntryPoint\",\"urlTemplate\":\"https:\/\/astoria.hr\/en\/?s={search_term_string}\"},\"query-input\":{\"@type\":\"PropertyValueSpecification\",\"valueRequired\":true,\"valueName\":\"search_term_string\"}}],\"inLanguage\":\"en-US\"}]}<\/script>\n<!-- \/ Yoast SEO plugin. -->","yoast_head_json":{"title":"Blue code - Astoria centar","robots":{"index":"index","follow":"follow","max-snippet":"max-snippet:-1","max-image-preview":"max-image-preview:large","max-video-preview":"max-video-preview:-1"},"canonical":"https:\/\/astoria.hr\/en\/blue-code\/","og_locale":"en_US","og_type":"article","og_title":"Blue code - Astoria centar","og_description":"Blue code &#8211; works of art from the fund of [&hellip;]","og_url":"https:\/\/astoria.hr\/en\/blue-code\/","og_site_name":"Astoria centar","twitter_card":"summary_large_image","twitter_misc":{"Est. reading time":"2 minutes"},"schema":{"@context":"https:\/\/schema.org","@graph":[{"@type":"WebPage","@id":"https:\/\/astoria.hr\/en\/blue-code\/","url":"https:\/\/astoria.hr\/en\/blue-code\/","name":"Blue code - Astoria centar","isPartOf":{"@id":"https:\/\/astoria.hr\/en\/#website"},"datePublished":"2017-08-08T08:23:20+00:00","dateModified":"2017-08-08T08:23:20+00:00","breadcrumb":{"@id":"https:\/\/astoria.hr\/en\/blue-code\/#breadcrumb"},"inLanguage":"en-US","potentialAction":[{"@type":"ReadAction","target":["https:\/\/astoria.hr\/en\/blue-code\/"]}]},{"@type":"BreadcrumbList","@id":"https:\/\/astoria.hr\/en\/blue-code\/#breadcrumb","itemListElement":[{"@type":"ListItem","position":1,"name":"Home","item":"https:\/\/astoria.hr\/en\/cover-page\/"},{"@type":"ListItem","position":2,"name":"Blue code"}]},{"@type":"WebSite","@id":"https:\/\/astoria.hr\/en\/#website","url":"https:\/\/astoria.hr\/en\/","name":"Astoria centar","description":"Rijeka","potentialAction":[{"@type":"SearchAction","target":{"@type":"EntryPoint","urlTemplate":"https:\/\/astoria.hr\/en\/?s={search_term_string}"},"query-input":{"@type":"PropertyValueSpecification","valueRequired":true,"valueName":"search_term_string"}}],"inLanguage":"en-US"}]}},"_links":{"self":[{"href":"https:\/\/astoria.hr\/en\/wp-json\/wp\/v2\/pages\/2173","targetHints":{"allow":["GET"]}}],"collection":[{"href":"https:\/\/astoria.hr\/en\/wp-json\/wp\/v2\/pages"}],"about":[{"href":"https:\/\/astoria.hr\/en\/wp-json\/wp\/v2\/types\/page"}],"author":[{"embeddable":true,"href":"https:\/\/astoria.hr\/en\/wp-json\/wp\/v2\/users\/1"}],"replies":[{"embeddable":true,"href":"https:\/\/astoria.hr\/en\/wp-json\/wp\/v2\/comments?post=2173"}],"version-history":[{"count":0,"href":"https:\/\/astoria.hr\/en\/wp-json\/wp\/v2\/pages\/2173\/revisions"}],"wp:attachment":[{"href":"https:\/\/astoria.hr\/en\/wp-json\/wp\/v2\/media?parent=2173"}],"curies":[{"name":"wp","href":"https:\/\/api.w.org\/{rel}","templated":true}]}}