{"id":2167,"date":"2018-02-02T13:33:06","date_gmt":"2018-02-02T13:33:06","guid":{"rendered":"https:\/\/astoria.hr\/small-gigs\/"},"modified":"2018-02-02T13:33:06","modified_gmt":"2018-02-02T13:33:06","slug":"small-gigs","status":"publish","type":"page","link":"https:\/\/astoria.hr\/en\/small-gigs\/","title":{"rendered":"SMALL GIGS"},"content":{"rendered":"<h3><strong>Convenient&nbsp; for smaller squares, more intimate spaces, hotel terraces&#8230;  <\/strong><\/h3>\n<p>  *<strong>As part of cultural tourism, we also organize classical music evenings and offer a number of reference musicians.  <\/strong><\/p>\n<h2><strong>MARIJANA VARA\u0160ANEC TRIO<\/strong><\/h2>\n<p>  The music program consists of evergreens, bossanova, well-known jazz standards, ethnic and world music, but also pop songs in an acoustic jazz and blues arrangement, with free artistic interpretations.&nbsp;<\/p>\n<p><strong>Duo<\/strong> : Vocals and acoustic guitar&nbsp; or piano <strong>Trio<\/strong> :1. Vocals, acoustic guitar and bass   &nbsp;<\/p>\n<p style=\"padding-left: 30px;\">2. Vocals, acoustic guitar and drums (cahon, cymbals, drum, or instead of cahon-bass drum)<\/p>\n<p>  Video links:  &nbsp;<a href=\"https:\/\/www.facebook.com\/tzoVrbnik\/videos\/935754733278497\/\">https:\/\/www.facebook.com\/tzoVrbnik\/videos\/935754733278497\/<\/a><br \/>\n&nbsp;<a href=\"https:\/\/www.facebook.com\/tzoVrbnik\/videos\/935765326610771\/\">https:\/\/www.facebook.com\/tzoVrbnik\/videos\/935765326610771\/<\/a> Depending on the need and the combination, they can have a quieter or louder version.  &nbsp;<\/p>\n<h2><strong>ELEPHANT IN THE ROOM \u2013 TRIO<\/strong><\/h2>\n<p>  Professional, academically educated&nbsp; musicians in the composition&nbsp; Anja Stani\u0107 &#8211; vocals, Dino Ivelja &#8211; bass guitar and Zvonimir Radi\u0161i\u0107 &#8211; guitar, perform covers of well-known pop, rock and soul songs. Vocals, acoustic guitar and bass. Video link:    <a href=\"https:\/\/youtu.be\/Hz4Jum6AA84\"><a href=\"https:\/\/youtu.be\/Hz4Jum6AA84\">ELEPHANT IN THE ROOM &#8211; Live recording session<\/a><\/a><\/p>\n<p>&nbsp;<\/p>\n<h2><strong>LIVINGSTONES DUO<\/strong><\/h2>\n<p>  The proven duet of Damir Luketi\u0107 and Robert Justini\u0107 &#8211; Justa. They perform pop, rock, funk and blues hits by domestic and foreign authors. Today, they are definitely one of the best duets on the domestic pop scene.    <\/p>\n<h2>&nbsp;<\/h2>\n<h2><strong>NOSE TRESS<\/strong><\/h2>\n<p>  &#8220;Nos tress&#8221; is an acoustic trio consisting of Sanja Bunoza (vocals), Dino Arbula (guitar) and Nikola Jane\u0161 (guitar). They come from Rijeka, they love the music they play. The repertoire consists of rock, blues and pop-rock music from the 60s, 70s, 80s and 90s, in acoustic arrangements suitable for pleasant evening concerts in a quieter environment. The repertoire includes mostly foreign music with some local classics. Video links: <a href=\"https:\/\/www.youtube.com\/watch?v=fnrJpQlJ1ZI\">Studio version of Jolene (Dolly Parton)<\/a>    <u><br \/>\n<\/u><a href=\"https:\/\/www.youtube.com\/watch?v=kmkBb9yBQwk\"><a href=\"https:\/\/www.youtube.com\/watch?v=kmkBb9yBQwk\">Live performance of Don&#8217;t Cry For Louie and Nah, Nah, Nah (Vaya con Dios)<\/a><\/a><\/p>\n<p>&nbsp;<\/p>\n<h2><strong>KATJA BUDIM\u010cI\u0106 TRIO \/ QUARTET<\/strong><\/h2>\n<p>  The trio consisting of Katja Budim\u010di\u0107 &#8211; vocals, Zvonimir Radi\u0161i\u0107 &#8211; guitar and Dino Ivelja &#8211; double bass performs covers of well-known pop compositions in jazzy arrangements. Sandro Legan joins them in the quartet version on drums. Video links:    <a href=\"https:\/\/www.youtube.com\/watch?v=I6GCzdWy2wc\"><a href=\"https:\/\/www.youtube.com\/watch?v=I6GCzdWy2wc\">NameLess Quartet &#8211; Recording Session<\/a><\/a><br \/>\n<a href=\"https:\/\/www.youtube.com\/watch?v=L16EeIs6bns\"><a href=\"https:\/\/www.youtube.com\/watch?v=L16EeIs6bns\">Katja Budim\u010di\u0107 &amp; 4Shades<\/a><\/a><\/p>\n<p>&nbsp;<\/p>\n<h2><strong>BLU:KANU \u2013 DUO<\/strong><\/h2>\n<p>  Blu: Kanu is a project by Goran Rube\u0161a and Damir Tomi\u0107. Goran is known for his many years of work with the band Beatles Revival from Rijeka, one of the best Beatles cover bands. For many years, Damir worked in various bands from Rijeka, such as: Gerila, Carmina Puttana, VEPM and others. Blu:Kanu plays acoustic covers of hits from the golden age of rock and pop, with hits by the Beatles, Bob Dylan, David Bowie, Simon &amp; Garfunkel, Tom Waits, Rolling Stones, Bruce Springsteen, Oasis and many more.     <strong>&nbsp;<\/strong><\/p>\n<h2><strong>DINO ANTONI\u0106 ACOUSTIC TRIO<\/strong><\/h2>\n<p>  Trio bass, acoustic guitar, vocals. The performance with evergreen, pop and jazz hits performed by the Dino Antoni\u0107 Trio represents an impressive professional standard in any musical expression. Dino is a well-known participant in the HR &#8220;The Voice&#8221; competition, and he recently found himself in a special role, becoming a vocal coach in RTL&#8217;s music show &#8220;Zvjezdice&#8221;. Video link:     <a href=\"https:\/\/www.youtube.com\/watch?v=P5alv6FXKWU\"><g id=\"gid_0\">Dino Antoni\u0107 Trio opened on 11.<\/g> <\/a><\/p>\n<p><strong>&nbsp;<\/strong><\/p>\n<h2><strong>ACOUSTIC DUO VANESSA &amp; SERGIO, ACOUSTIC TRIO LEMON 3<\/strong><\/h2>\n<p>  Members of the duo are: Vanessa Mi\u0161i\u0107 \u2013 vocalist (accompanying vocalist Massimo) and Sergio Kova\u010di\u0107 \u2013 guitar (MIK festival orchestra, Chansonfest orchestra, BIS fest orchestra, Norne). Their repertoire consists of various styles ( <em>acoustic, swing, jazz, pop, bossa nova<\/em> , etc.) and various performers, of which we can single out a few: Ella Fitzgerald, Frank Sinatra, Nina Simone, Bill Whiters, Caro Emerald, Amy Winehouse, Sting , AC Jobim, Jamiroquai, Manu Chao, Michael Jackson, Sade, Simply Red, Bob Marley, The Beatles, Jinx, Jovanotti, Stevie Wonder, Vaya Con Dios, etc. &nbsp;&nbsp;&nbsp;&nbsp;&nbsp;  Video links: <a href=\"https:\/\/youtu.be\/32gmJfVA42Q\">&#8220;Wish I didn&#8217;t miss you&#8221; (Angie Stone <em>cover<\/em> )<\/a><a href=\"https:\/\/youtu.be\/32gmJfVA42Q\"><br \/>\n<\/a><a href=\"https:\/\/youtu.be\/gu_1VvehVIU\">&#8220;A little party never killed nobody&#8221; (Fergie <em>cover<\/em> )<\/a><a href=\"https:\/\/youtu.be\/gu_1VvehVIU\"><br \/>\n<\/a><a href=\"https:\/\/youtu.be\/Y3WSMOeFQME\">&#8220;Back it up&#8221; (Caro Emerald <em>cover<\/em> )<\/a><a href=\"https:\/\/youtu.be\/Y3WSMOeFQME\"><br \/>\n<\/a><a href=\"https:\/\/youtu.be\/e25eM0TZSTU\">&#8220;I belong to you&#8221; (Dino Dvornik <em>cover<\/em> )<\/a><a href=\"https:\/\/youtu.be\/e25eM0TZSTU\"><br \/>\n<\/a><a href=\"https:\/\/youtu.be\/AKxmcxvnsPw\">&#8220;Sunrise&#8221; (Simply Red <em>cover<\/em> )&nbsp;<\/a><\/p>\n<h2>&nbsp;<\/h2>\n<h2><strong>VINTAGE FACTORY<\/strong><\/h2>\n<p>  The duo consists of young musicians Andrina Frleta (vocals) and Daniela Perkovi\u0107 (piano), whose common musical interests brought these two girls together. When they perform as a trio, they are joined by violinist Alisa \u0160epi\u0107, and as a quartet they perform with two other members, Frane Frleta on bass guitar and Edi Lazari\u0107 on drums. Our repertoire includes <em>evergreens<\/em> , <em>jazz<\/em> standards, popular love ballads and other popular compositions of various styles that require a high level of performance. The list of songs contains various genres of domestic and foreign authors, which we perform in original arrangements, but also in some of our own arrangements in order to bring something new and interesting to already known songs.&nbsp; FB: <a href=\"http:\/\/www.facebook.com\/vintage.factory.music\">facebook.com\/vintage.factory.music<\/a>   <\/p>\n<p><strong>&nbsp;<\/strong><\/p>\n<h2><strong>SHAJETA TRIO<\/strong><\/h2>\n<p>  Three hours of performance by one of the most charming entertainers from our area regularly delights everyone present. With original music and appearances by stand-up comedian \u0160ajo and his trio   <strong>&nbsp;<\/strong><\/p>\n<h2><strong>\u0160AJETA QUATRO \u2013 &#8220;SHAIONES&#8221;<\/strong><\/h2>\n<p>  In a fierce rock arrangement, \u0160ajeta transforms all his hits into one specific energy like the legendary Ramones. Shaiones&#8217; quartet was created for those who want real, more energetic rock.   &nbsp;<\/p>\n<h2><strong>ANTONELA DOCO QUARTET<\/strong><\/h2>\n<p>  An extremely talented young woman from Rijeka, who irresistibly resembles Amy Winehouse, has excellent listenership on all Croatian radio stations. Impressive vocal capabilities, Porina is the winner for the best female vocalist and for the new performer of the year. We also note the prestigious third prize of the jury at the Baltic Song Festival&nbsp; in Sweden. In the form of a quartet, he performs with two guitars and bass \/ alternation with cajon \/ acoustic drum. In addition to author&#8217;s works, he performs&nbsp; pop and soul hits by famous world artists, the performance lasts 120 min. Video links:       <a href=\"https:\/\/www.youtube.com\/watch?v=tqgCw3_1Xrw\"><a href=\"https:\/\/www.youtube.com\/watch?v=tqgCw3_1Xrw\">Antonela Doko &#8211; Christmas<\/a> <\/a><a href=\"https:\/\/www.youtube.com\/watch?v=M61go5REUSk\"><a href=\"https:\/\/www.youtube.com\/watch?v=M61go5REUSk\">Antonela Doko &#8211; That day<\/a> <\/a><a href=\"https:\/\/www.youtube.com\/watch?v=LtXpWqNJiHw\">Antonela Doko &#8211; Excellent&nbsp; thing<\/a><\/p>\n<p>&nbsp;<\/p>\n<h2><strong>ANTONELA DOKO BAND<\/strong><\/h2>\n<p>  Antonela&#8217;s <strong>six-member band<\/strong> will remain an exceptional memory for every visitor. Antonela, accompanied by excellent young musicians, definitely represents a discovery and refreshment on the domestic music scene with excellent live audience interaction. Duration: 2:30h  <\/p>\n","protected":false},"excerpt":{"rendered":"<p>Convenient&nbsp; for smaller squares, more intimate spaces, hotel terraces&#8230; *As [&hellip;]<\/p>\n","protected":false},"author":1,"featured_media":0,"parent":0,"menu_order":0,"comment_status":"closed","ping_status":"closed","template":"","meta":{"_acf_changed":false,"footnotes":""},"class_list":["post-2167","page","type-page","status-publish","hentry"],"acf":[],"yoast_head":"<!-- This site is optimized with the Yoast SEO plugin v23.4 - https:\/\/yoast.com\/wordpress\/plugins\/seo\/ -->\n<title>SMALL GIGS - Astoria centar<\/title>\n<meta name=\"robots\" content=\"index, follow, max-snippet:-1, max-image-preview:large, max-video-preview:-1\" \/>\n<link rel=\"canonical\" href=\"https:\/\/astoria.hr\/en\/small-gigs\/\" \/>\n<meta property=\"og:locale\" content=\"en_US\" \/>\n<meta property=\"og:type\" content=\"article\" \/>\n<meta property=\"og:title\" content=\"SMALL GIGS - Astoria centar\" \/>\n<meta property=\"og:description\" content=\"Convenient&nbsp; for smaller squares, more intimate spaces, hotel terraces&#8230; *As [&hellip;]\" \/>\n<meta property=\"og:url\" content=\"https:\/\/astoria.hr\/en\/small-gigs\/\" \/>\n<meta property=\"og:site_name\" content=\"Astoria centar\" \/>\n<meta name=\"twitter:card\" content=\"summary_large_image\" \/>\n<meta name=\"twitter:label1\" content=\"Est. reading time\" \/>\n\t<meta name=\"twitter:data1\" content=\"5 minutes\" \/>\n<script type=\"application\/ld+json\" class=\"yoast-schema-graph\">{\"@context\":\"https:\/\/schema.org\",\"@graph\":[{\"@type\":\"WebPage\",\"@id\":\"https:\/\/astoria.hr\/en\/small-gigs\/\",\"url\":\"https:\/\/astoria.hr\/en\/small-gigs\/\",\"name\":\"SMALL GIGS - Astoria centar\",\"isPartOf\":{\"@id\":\"https:\/\/astoria.hr\/en\/#website\"},\"datePublished\":\"2018-02-02T13:33:06+00:00\",\"dateModified\":\"2018-02-02T13:33:06+00:00\",\"breadcrumb\":{\"@id\":\"https:\/\/astoria.hr\/en\/small-gigs\/#breadcrumb\"},\"inLanguage\":\"en-US\",\"potentialAction\":[{\"@type\":\"ReadAction\",\"target\":[\"https:\/\/astoria.hr\/en\/small-gigs\/\"]}]},{\"@type\":\"BreadcrumbList\",\"@id\":\"https:\/\/astoria.hr\/en\/small-gigs\/#breadcrumb\",\"itemListElement\":[{\"@type\":\"ListItem\",\"position\":1,\"name\":\"Home\",\"item\":\"https:\/\/astoria.hr\/en\/cover-page\/\"},{\"@type\":\"ListItem\",\"position\":2,\"name\":\"SMALL GIGS\"}]},{\"@type\":\"WebSite\",\"@id\":\"https:\/\/astoria.hr\/en\/#website\",\"url\":\"https:\/\/astoria.hr\/en\/\",\"name\":\"Astoria centar\",\"description\":\"Rijeka\",\"potentialAction\":[{\"@type\":\"SearchAction\",\"target\":{\"@type\":\"EntryPoint\",\"urlTemplate\":\"https:\/\/astoria.hr\/en\/?s={search_term_string}\"},\"query-input\":{\"@type\":\"PropertyValueSpecification\",\"valueRequired\":true,\"valueName\":\"search_term_string\"}}],\"inLanguage\":\"en-US\"}]}<\/script>\n<!-- \/ Yoast SEO plugin. -->","yoast_head_json":{"title":"SMALL GIGS - Astoria centar","robots":{"index":"index","follow":"follow","max-snippet":"max-snippet:-1","max-image-preview":"max-image-preview:large","max-video-preview":"max-video-preview:-1"},"canonical":"https:\/\/astoria.hr\/en\/small-gigs\/","og_locale":"en_US","og_type":"article","og_title":"SMALL GIGS - Astoria centar","og_description":"Convenient&nbsp; for smaller squares, more intimate spaces, hotel terraces&#8230; *As [&hellip;]","og_url":"https:\/\/astoria.hr\/en\/small-gigs\/","og_site_name":"Astoria centar","twitter_card":"summary_large_image","twitter_misc":{"Est. reading time":"5 minutes"},"schema":{"@context":"https:\/\/schema.org","@graph":[{"@type":"WebPage","@id":"https:\/\/astoria.hr\/en\/small-gigs\/","url":"https:\/\/astoria.hr\/en\/small-gigs\/","name":"SMALL GIGS - Astoria centar","isPartOf":{"@id":"https:\/\/astoria.hr\/en\/#website"},"datePublished":"2018-02-02T13:33:06+00:00","dateModified":"2018-02-02T13:33:06+00:00","breadcrumb":{"@id":"https:\/\/astoria.hr\/en\/small-gigs\/#breadcrumb"},"inLanguage":"en-US","potentialAction":[{"@type":"ReadAction","target":["https:\/\/astoria.hr\/en\/small-gigs\/"]}]},{"@type":"BreadcrumbList","@id":"https:\/\/astoria.hr\/en\/small-gigs\/#breadcrumb","itemListElement":[{"@type":"ListItem","position":1,"name":"Home","item":"https:\/\/astoria.hr\/en\/cover-page\/"},{"@type":"ListItem","position":2,"name":"SMALL GIGS"}]},{"@type":"WebSite","@id":"https:\/\/astoria.hr\/en\/#website","url":"https:\/\/astoria.hr\/en\/","name":"Astoria centar","description":"Rijeka","potentialAction":[{"@type":"SearchAction","target":{"@type":"EntryPoint","urlTemplate":"https:\/\/astoria.hr\/en\/?s={search_term_string}"},"query-input":{"@type":"PropertyValueSpecification","valueRequired":true,"valueName":"search_term_string"}}],"inLanguage":"en-US"}]}},"_links":{"self":[{"href":"https:\/\/astoria.hr\/en\/wp-json\/wp\/v2\/pages\/2167","targetHints":{"allow":["GET"]}}],"collection":[{"href":"https:\/\/astoria.hr\/en\/wp-json\/wp\/v2\/pages"}],"about":[{"href":"https:\/\/astoria.hr\/en\/wp-json\/wp\/v2\/types\/page"}],"author":[{"embeddable":true,"href":"https:\/\/astoria.hr\/en\/wp-json\/wp\/v2\/users\/1"}],"replies":[{"embeddable":true,"href":"https:\/\/astoria.hr\/en\/wp-json\/wp\/v2\/comments?post=2167"}],"version-history":[{"count":0,"href":"https:\/\/astoria.hr\/en\/wp-json\/wp\/v2\/pages\/2167\/revisions"}],"wp:attachment":[{"href":"https:\/\/astoria.hr\/en\/wp-json\/wp\/v2\/media?parent=2167"}],"curies":[{"name":"wp","href":"https:\/\/api.w.org\/{rel}","templated":true}]}}