{"id":2151,"date":"2019-09-11T07:57:54","date_gmt":"2019-09-11T07:57:54","guid":{"rendered":"https:\/\/astoria.hr\/nothing-love-just-sex\/"},"modified":"2019-09-11T07:57:54","modified_gmt":"2019-09-11T07:57:54","slug":"nothing-love-just-sex","status":"publish","type":"page","link":"https:\/\/astoria.hr\/en\/nothing-love-just-sex\/","title":{"rendered":"NOTHING LOVE, JUST SEX"},"content":{"rendered":"<h3>&nbsp;<\/h3>\n<h2>Dom kulture \u010cavle &#8211; Saturday, October 26, 2019. at 8:00 p.m <\/h2>\n<p>  Tickets can be purchased through the system&nbsp;<a href=\"https:\/\/www.mojekarte.hr\/hr\/nista-ljubav-samo-sex\/tickets-584615.html\">Moje karte.hr<\/a>&nbsp; or in TZO \u010cavle at a price of HRK 80.00 in advance and HRK 90.00 three days before the show. Text and direction: <strong>Rene Bitorajac<\/strong> Cast: <strong>Petra Dugand\u017ei\u0107, Csilla Barath Bastai\u0107, Iskra Jirsak, Katarina Baban<\/strong> Production: &nbsp;<strong>Crazy House<\/strong> Duration: <strong>about 95 min.<\/strong> Age limit: <strong>16+<\/strong><\/p>\n<h2>&nbsp;<\/h2>\n<h2>ON&nbsp; introduce:<\/h2>\n<p>  4 actresses are preparing for the start of the play Atonides and the Abyss of Hell, a Greek tragedy  &nbsp;&nbsp;&nbsp;placed on theater boards, which really doesn&#8217;t matter at all. 4 different characters in just over&nbsp; 90 minutes turns into 13. Playful and cheerful actresses, they would rather spend 4 hours hanging out in the dressing room than half an hour on stage.    &nbsp;As the leitmotif and theme of the evening, somehow, we don&#8217;t know how, sex was imposed. Oh yes, women talk about him too. Not vulgar and not vulgar.&nbsp; Documentary ease of ours&nbsp; actresses play actresses who play, while entertaining the audience, and no less importantly, themselves. Everyone must be satisfied and satisfied. Have you tried dominance? How is it in nursing homes?     <\/p>\n","protected":false},"excerpt":{"rendered":"<p>&nbsp; Dom kulture \u010cavle &#8211; Saturday, October 26, 2019. at [&hellip;]<\/p>\n","protected":false},"author":1,"featured_media":0,"parent":0,"menu_order":0,"comment_status":"closed","ping_status":"closed","template":"","meta":{"_acf_changed":false,"footnotes":""},"class_list":["post-2151","page","type-page","status-publish","hentry"],"acf":[],"yoast_head":"<!-- This site is optimized with the Yoast SEO plugin v23.4 - https:\/\/yoast.com\/wordpress\/plugins\/seo\/ -->\n<title>NOTHING LOVE, JUST SEX - Astoria centar<\/title>\n<meta name=\"robots\" content=\"index, follow, max-snippet:-1, max-image-preview:large, max-video-preview:-1\" \/>\n<link rel=\"canonical\" href=\"https:\/\/astoria.hr\/en\/nothing-love-just-sex\/\" \/>\n<meta property=\"og:locale\" content=\"en_US\" \/>\n<meta property=\"og:type\" content=\"article\" \/>\n<meta property=\"og:title\" content=\"NOTHING LOVE, JUST SEX - Astoria centar\" \/>\n<meta property=\"og:description\" content=\"&nbsp; Dom kulture \u010cavle &#8211; Saturday, October 26, 2019. at [&hellip;]\" \/>\n<meta property=\"og:url\" content=\"https:\/\/astoria.hr\/en\/nothing-love-just-sex\/\" \/>\n<meta property=\"og:site_name\" content=\"Astoria centar\" \/>\n<meta name=\"twitter:card\" content=\"summary_large_image\" \/>\n<meta name=\"twitter:label1\" content=\"Est. reading time\" \/>\n\t<meta name=\"twitter:data1\" content=\"1 minute\" \/>\n<script type=\"application\/ld+json\" class=\"yoast-schema-graph\">{\"@context\":\"https:\/\/schema.org\",\"@graph\":[{\"@type\":\"WebPage\",\"@id\":\"https:\/\/astoria.hr\/en\/nothing-love-just-sex\/\",\"url\":\"https:\/\/astoria.hr\/en\/nothing-love-just-sex\/\",\"name\":\"NOTHING LOVE, JUST SEX - Astoria centar\",\"isPartOf\":{\"@id\":\"https:\/\/astoria.hr\/en\/#website\"},\"datePublished\":\"2019-09-11T07:57:54+00:00\",\"dateModified\":\"2019-09-11T07:57:54+00:00\",\"breadcrumb\":{\"@id\":\"https:\/\/astoria.hr\/en\/nothing-love-just-sex\/#breadcrumb\"},\"inLanguage\":\"en-US\",\"potentialAction\":[{\"@type\":\"ReadAction\",\"target\":[\"https:\/\/astoria.hr\/en\/nothing-love-just-sex\/\"]}]},{\"@type\":\"BreadcrumbList\",\"@id\":\"https:\/\/astoria.hr\/en\/nothing-love-just-sex\/#breadcrumb\",\"itemListElement\":[{\"@type\":\"ListItem\",\"position\":1,\"name\":\"Home\",\"item\":\"https:\/\/astoria.hr\/en\/cover-page\/\"},{\"@type\":\"ListItem\",\"position\":2,\"name\":\"NOTHING LOVE, JUST SEX\"}]},{\"@type\":\"WebSite\",\"@id\":\"https:\/\/astoria.hr\/en\/#website\",\"url\":\"https:\/\/astoria.hr\/en\/\",\"name\":\"Astoria centar\",\"description\":\"Rijeka\",\"potentialAction\":[{\"@type\":\"SearchAction\",\"target\":{\"@type\":\"EntryPoint\",\"urlTemplate\":\"https:\/\/astoria.hr\/en\/?s={search_term_string}\"},\"query-input\":{\"@type\":\"PropertyValueSpecification\",\"valueRequired\":true,\"valueName\":\"search_term_string\"}}],\"inLanguage\":\"en-US\"}]}<\/script>\n<!-- \/ Yoast SEO plugin. -->","yoast_head_json":{"title":"NOTHING LOVE, JUST SEX - Astoria centar","robots":{"index":"index","follow":"follow","max-snippet":"max-snippet:-1","max-image-preview":"max-image-preview:large","max-video-preview":"max-video-preview:-1"},"canonical":"https:\/\/astoria.hr\/en\/nothing-love-just-sex\/","og_locale":"en_US","og_type":"article","og_title":"NOTHING LOVE, JUST SEX - Astoria centar","og_description":"&nbsp; Dom kulture \u010cavle &#8211; Saturday, October 26, 2019. at [&hellip;]","og_url":"https:\/\/astoria.hr\/en\/nothing-love-just-sex\/","og_site_name":"Astoria centar","twitter_card":"summary_large_image","twitter_misc":{"Est. reading time":"1 minute"},"schema":{"@context":"https:\/\/schema.org","@graph":[{"@type":"WebPage","@id":"https:\/\/astoria.hr\/en\/nothing-love-just-sex\/","url":"https:\/\/astoria.hr\/en\/nothing-love-just-sex\/","name":"NOTHING LOVE, JUST SEX - Astoria centar","isPartOf":{"@id":"https:\/\/astoria.hr\/en\/#website"},"datePublished":"2019-09-11T07:57:54+00:00","dateModified":"2019-09-11T07:57:54+00:00","breadcrumb":{"@id":"https:\/\/astoria.hr\/en\/nothing-love-just-sex\/#breadcrumb"},"inLanguage":"en-US","potentialAction":[{"@type":"ReadAction","target":["https:\/\/astoria.hr\/en\/nothing-love-just-sex\/"]}]},{"@type":"BreadcrumbList","@id":"https:\/\/astoria.hr\/en\/nothing-love-just-sex\/#breadcrumb","itemListElement":[{"@type":"ListItem","position":1,"name":"Home","item":"https:\/\/astoria.hr\/en\/cover-page\/"},{"@type":"ListItem","position":2,"name":"NOTHING LOVE, JUST SEX"}]},{"@type":"WebSite","@id":"https:\/\/astoria.hr\/en\/#website","url":"https:\/\/astoria.hr\/en\/","name":"Astoria centar","description":"Rijeka","potentialAction":[{"@type":"SearchAction","target":{"@type":"EntryPoint","urlTemplate":"https:\/\/astoria.hr\/en\/?s={search_term_string}"},"query-input":{"@type":"PropertyValueSpecification","valueRequired":true,"valueName":"search_term_string"}}],"inLanguage":"en-US"}]}},"_links":{"self":[{"href":"https:\/\/astoria.hr\/en\/wp-json\/wp\/v2\/pages\/2151","targetHints":{"allow":["GET"]}}],"collection":[{"href":"https:\/\/astoria.hr\/en\/wp-json\/wp\/v2\/pages"}],"about":[{"href":"https:\/\/astoria.hr\/en\/wp-json\/wp\/v2\/types\/page"}],"author":[{"embeddable":true,"href":"https:\/\/astoria.hr\/en\/wp-json\/wp\/v2\/users\/1"}],"replies":[{"embeddable":true,"href":"https:\/\/astoria.hr\/en\/wp-json\/wp\/v2\/comments?post=2151"}],"version-history":[{"count":0,"href":"https:\/\/astoria.hr\/en\/wp-json\/wp\/v2\/pages\/2151\/revisions"}],"wp:attachment":[{"href":"https:\/\/astoria.hr\/en\/wp-json\/wp\/v2\/media?parent=2151"}],"curies":[{"name":"wp","href":"https:\/\/api.w.org\/{rel}","templated":true}]}}