{"id":2140,"date":"2021-09-29T09:14:33","date_gmt":"2021-09-29T09:14:33","guid":{"rendered":"https:\/\/astoria.hr\/josip-restek-impressions\/"},"modified":"2021-09-29T09:14:33","modified_gmt":"2021-09-29T09:14:33","slug":"josip-restek-impressions","status":"publish","type":"page","link":"https:\/\/astoria.hr\/en\/josip-restek-impressions\/","title":{"rendered":"Josip Restek &#8211; Impressions"},"content":{"rendered":"<h2>Gallery &#8220;Zvonimir&#8221; 06.26 \u2013 07.28.2021.<\/h2>\n<p>  Exhibition&nbsp;<strong>Josip Restek, renowned<\/strong>&nbsp; <strong>Croatian<\/strong>&nbsp; <strong>academic<\/strong>&nbsp; <strong>painters, graphic artists, illustrators, restorers, painters of sacred art and pedagogues<\/strong> , whose works found an enviable place in the Croatian as well as a much wider, European and universal cultural heritage! <strong>Josip Restek<\/strong>&nbsp; (1915-1987) supplemented his graphic and fine art education with numerous study stays in European cities, pulsating centers of fine and graphic expression, where his fascination with European abstraction and enformel was born, which shaped his fine, and especially graphic, expression and brought him numerous domestic and international recognitions and awards. Josip Restek died in Zagreb on May 13, 1987.  &nbsp;<strong>leaving over 2300 valuable works of art.<\/strong>&nbsp; The largest collection of his artworks, as many as 410 drawings, watercolors, independent graphic sheets, graphic maps and oils, is permanently stored in the Klovi\u0107evi dvori Gallery in Zagreb!  <em>&#8220;Josip Restek&#8217;s creativity is determined by the time frame but also by the geographical context in which he was born, where he lived and worked. His art is a reflection of lived experience, impressions caused by direct observation of nature, situations, objects. He records what he saw and experienced in a distinctive way, creating a special and recognizable visual expression.&#8221;  &nbsp;<\/em>&nbsp;<strong>Vilma Bartoli\u0107, curator of the exhibition<\/strong> <strong>In the Zvonimir gallery<\/strong>&nbsp; <strong>will be exposed<\/strong>&nbsp; <strong>twenty pictures and graphics<\/strong>&nbsp; from the author&#8217;s family legacy, which includes hundreds of works and is only a small reminder of Restek&#8217;s presence in Croatian recent modern art. Works from different phases of creativity were selected,&nbsp; and the exposed pictures of marine motifs, &nbsp;<strong>created during the artist&#8217;s stay in Ba\u0161ka, have an important emotional place in his work.<\/strong><\/p>\n<p><strong>Josip Restek spent a significant part of his time in Ba\u0161ka, where he had a summer house and studio and used the Ba\u0161ka landscape as inspiration for his works. The exhibition works are part of the private collection of Mrs. Ivana \u0110urinovi\u0107-Wolf, niece of Josip Restek. <\/strong><\/p>\n<h2><a href=\"https:\/\/josiprestek.com\/\"><a href=\"https:\/\/josiprestek.com\/\">www.josiprestek.com<\/a><\/a><\/h2>\n","protected":false},"excerpt":{"rendered":"<p>Gallery &#8220;Zvonimir&#8221; 06.26 \u2013 07.28.2021. Exhibition&nbsp;Josip Restek, renowned&nbsp; Croatian&nbsp; academic&nbsp; [&hellip;]<\/p>\n","protected":false},"author":1,"featured_media":0,"parent":0,"menu_order":0,"comment_status":"closed","ping_status":"closed","template":"","meta":{"_acf_changed":false,"footnotes":""},"class_list":["post-2140","page","type-page","status-publish","hentry"],"acf":[],"yoast_head":"<!-- This site is optimized with the Yoast SEO plugin v23.4 - https:\/\/yoast.com\/wordpress\/plugins\/seo\/ -->\n<title>Josip Restek - Impressions - Astoria centar<\/title>\n<meta name=\"robots\" content=\"index, follow, max-snippet:-1, max-image-preview:large, max-video-preview:-1\" \/>\n<link rel=\"canonical\" href=\"https:\/\/astoria.hr\/en\/josip-restek-impressions\/\" \/>\n<meta property=\"og:locale\" content=\"en_US\" \/>\n<meta property=\"og:type\" content=\"article\" \/>\n<meta property=\"og:title\" content=\"Josip Restek - Impressions - Astoria centar\" \/>\n<meta property=\"og:description\" content=\"Gallery &#8220;Zvonimir&#8221; 06.26 \u2013 07.28.2021. Exhibition&nbsp;Josip Restek, renowned&nbsp; Croatian&nbsp; academic&nbsp; [&hellip;]\" \/>\n<meta property=\"og:url\" content=\"https:\/\/astoria.hr\/en\/josip-restek-impressions\/\" \/>\n<meta property=\"og:site_name\" content=\"Astoria centar\" \/>\n<meta name=\"twitter:card\" content=\"summary_large_image\" \/>\n<meta name=\"twitter:label1\" content=\"Est. reading time\" \/>\n\t<meta name=\"twitter:data1\" content=\"2 minutes\" \/>\n<script type=\"application\/ld+json\" class=\"yoast-schema-graph\">{\"@context\":\"https:\/\/schema.org\",\"@graph\":[{\"@type\":\"WebPage\",\"@id\":\"https:\/\/astoria.hr\/en\/josip-restek-impressions\/\",\"url\":\"https:\/\/astoria.hr\/en\/josip-restek-impressions\/\",\"name\":\"Josip Restek - Impressions - Astoria centar\",\"isPartOf\":{\"@id\":\"https:\/\/astoria.hr\/en\/#website\"},\"datePublished\":\"2021-09-29T09:14:33+00:00\",\"dateModified\":\"2021-09-29T09:14:33+00:00\",\"breadcrumb\":{\"@id\":\"https:\/\/astoria.hr\/en\/josip-restek-impressions\/#breadcrumb\"},\"inLanguage\":\"en-US\",\"potentialAction\":[{\"@type\":\"ReadAction\",\"target\":[\"https:\/\/astoria.hr\/en\/josip-restek-impressions\/\"]}]},{\"@type\":\"BreadcrumbList\",\"@id\":\"https:\/\/astoria.hr\/en\/josip-restek-impressions\/#breadcrumb\",\"itemListElement\":[{\"@type\":\"ListItem\",\"position\":1,\"name\":\"Home\",\"item\":\"https:\/\/astoria.hr\/en\/cover-page\/\"},{\"@type\":\"ListItem\",\"position\":2,\"name\":\"Josip Restek &#8211; Impressions\"}]},{\"@type\":\"WebSite\",\"@id\":\"https:\/\/astoria.hr\/en\/#website\",\"url\":\"https:\/\/astoria.hr\/en\/\",\"name\":\"Astoria centar\",\"description\":\"Rijeka\",\"potentialAction\":[{\"@type\":\"SearchAction\",\"target\":{\"@type\":\"EntryPoint\",\"urlTemplate\":\"https:\/\/astoria.hr\/en\/?s={search_term_string}\"},\"query-input\":{\"@type\":\"PropertyValueSpecification\",\"valueRequired\":true,\"valueName\":\"search_term_string\"}}],\"inLanguage\":\"en-US\"}]}<\/script>\n<!-- \/ Yoast SEO plugin. -->","yoast_head_json":{"title":"Josip Restek - Impressions - Astoria centar","robots":{"index":"index","follow":"follow","max-snippet":"max-snippet:-1","max-image-preview":"max-image-preview:large","max-video-preview":"max-video-preview:-1"},"canonical":"https:\/\/astoria.hr\/en\/josip-restek-impressions\/","og_locale":"en_US","og_type":"article","og_title":"Josip Restek - Impressions - Astoria centar","og_description":"Gallery &#8220;Zvonimir&#8221; 06.26 \u2013 07.28.2021. Exhibition&nbsp;Josip Restek, renowned&nbsp; Croatian&nbsp; academic&nbsp; [&hellip;]","og_url":"https:\/\/astoria.hr\/en\/josip-restek-impressions\/","og_site_name":"Astoria centar","twitter_card":"summary_large_image","twitter_misc":{"Est. reading time":"2 minutes"},"schema":{"@context":"https:\/\/schema.org","@graph":[{"@type":"WebPage","@id":"https:\/\/astoria.hr\/en\/josip-restek-impressions\/","url":"https:\/\/astoria.hr\/en\/josip-restek-impressions\/","name":"Josip Restek - Impressions - Astoria centar","isPartOf":{"@id":"https:\/\/astoria.hr\/en\/#website"},"datePublished":"2021-09-29T09:14:33+00:00","dateModified":"2021-09-29T09:14:33+00:00","breadcrumb":{"@id":"https:\/\/astoria.hr\/en\/josip-restek-impressions\/#breadcrumb"},"inLanguage":"en-US","potentialAction":[{"@type":"ReadAction","target":["https:\/\/astoria.hr\/en\/josip-restek-impressions\/"]}]},{"@type":"BreadcrumbList","@id":"https:\/\/astoria.hr\/en\/josip-restek-impressions\/#breadcrumb","itemListElement":[{"@type":"ListItem","position":1,"name":"Home","item":"https:\/\/astoria.hr\/en\/cover-page\/"},{"@type":"ListItem","position":2,"name":"Josip Restek &#8211; Impressions"}]},{"@type":"WebSite","@id":"https:\/\/astoria.hr\/en\/#website","url":"https:\/\/astoria.hr\/en\/","name":"Astoria centar","description":"Rijeka","potentialAction":[{"@type":"SearchAction","target":{"@type":"EntryPoint","urlTemplate":"https:\/\/astoria.hr\/en\/?s={search_term_string}"},"query-input":{"@type":"PropertyValueSpecification","valueRequired":true,"valueName":"search_term_string"}}],"inLanguage":"en-US"}]}},"_links":{"self":[{"href":"https:\/\/astoria.hr\/en\/wp-json\/wp\/v2\/pages\/2140","targetHints":{"allow":["GET"]}}],"collection":[{"href":"https:\/\/astoria.hr\/en\/wp-json\/wp\/v2\/pages"}],"about":[{"href":"https:\/\/astoria.hr\/en\/wp-json\/wp\/v2\/types\/page"}],"author":[{"embeddable":true,"href":"https:\/\/astoria.hr\/en\/wp-json\/wp\/v2\/users\/1"}],"replies":[{"embeddable":true,"href":"https:\/\/astoria.hr\/en\/wp-json\/wp\/v2\/comments?post=2140"}],"version-history":[{"count":0,"href":"https:\/\/astoria.hr\/en\/wp-json\/wp\/v2\/pages\/2140\/revisions"}],"wp:attachment":[{"href":"https:\/\/astoria.hr\/en\/wp-json\/wp\/v2\/media?parent=2140"}],"curies":[{"name":"wp","href":"https:\/\/api.w.org\/{rel}","templated":true}]}}