{"id":2137,"date":"2024-05-03T12:07:39","date_gmt":"2024-05-03T12:07:39","guid":{"rendered":"https:\/\/astoria.hr\/friends-of-the-sea-2024-fishing\/"},"modified":"2024-05-03T12:07:39","modified_gmt":"2024-05-03T12:07:39","slug":"friends-of-the-sea-2024-fishing","status":"publish","type":"page","link":"https:\/\/astoria.hr\/en\/friends-of-the-sea-2024-fishing\/","title":{"rendered":"Friends of the Sea 2024: &#8220;Fishing&#8221;"},"content":{"rendered":"<p>For the fourteenth year, the attractive exhibition of the &#8220;Friends of the Sea&#8221; project has been touring the squares and waterfronts of the Croatian Adriatic. During the summer of 2024, a large number of visitors will see the exhibition at nine destinations in Istria and the Northern Adriatic.    <\/p>\n<h3 class=\"\" data-fontsize=\"28\" data-lineheight=\"44.8px\">About the &#8220;Friends of the Sea&#8221; project<\/h3>\n<p>  In 2009, the Livingstone association from Rijeka and the Astoria company designed the national cultural-tourism campaign &#8220;Friends of the Sea&#8221;. The goal is to draw attention to the role of photography in media culture and the social responsibility and ongoing value of promoting the ecology and preservation of the Adriatic Sea with large-format photo exhibitions open to the Croatian public and all visitors every year during the summer months.    <a href=\"https:\/\/www.prijateljimora.com\/\"><a href=\"https:\/\/www.prijateljimora.com\/\">www.prijateljimora.com<\/a><\/a><\/p>\n<h3 class=\"fusion-responsive-typography-calculated\" data-fontsize=\"28\" data-lineheight=\"44.8px\">EXHIBITION 2024 &#8211; Friends of the Sea: &#8220;Fishing&#8221; <\/h3>\n<p>  The exhibition from the series &#8220;Friends of the Sea&#8221; in 2024 in 30 large formats examines fishing and life at sea and presents visuals as seen by photographers looking for their authentic shots in the optical play of light. The goal of this exhibition is to show domestic and foreign visitors an enviable media culture through photography, which, as a theme in a given time, shows people and fishing, which means life, in a special way. The photographic excellence of the selected authors is reflected in their understanding of artistic aesthetics. The works were selected by the expert team of the &#8220;Rovinj Photodays&#8221; festival, and are exhibited by: Petar Trinajsti\u0107, Ivan Kosi\u0107, Danijel Frka, Aleksandar Tomuli\u0107, and Sandro Puncet. In cooperation with tourist associations, Friends of the Sea will host: Pula, Rovinj, Mali Lo\u0161inj, Krk, Njivice, Omi\u0161alj, Ba\u0161ka, Punat, \u0160ilo and Malinska.       <\/p>\n<h3>PLANNED SCHEDULE OF EXHIBITIONS&nbsp; 2024:&nbsp;<\/h3>\n<p>  \u2022 Pula 10.05. &#8211; 16.05. \u2022 Rovinj 16.05.- 23.05. \u2022 Mali Lo\u0161inj 24.05. &#8211; 06.06. \u2022 Krk 7.06. &#8211; 21.06. \u2022 Njivice 21.06. &#8211; 5.07. \u2022 Omi\u0161alj 05.07. &#8211; 19.07 \u2022 Ba\u0161ka 19.07. &#8211; 2.08. \u2022 Punat 02.08. &#8211; 16.08. \u2022 Shilo 16.08. &#8211; 30.08. \u2022 Malinska 30.08. &#8211; 13.09.                 <\/p>\n","protected":false},"excerpt":{"rendered":"<p>For the fourteenth year, the attractive exhibition of the &#8220;Friends [&hellip;]<\/p>\n","protected":false},"author":1,"featured_media":0,"parent":0,"menu_order":0,"comment_status":"closed","ping_status":"closed","template":"","meta":{"_acf_changed":false,"footnotes":""},"class_list":["post-2137","page","type-page","status-publish","hentry"],"acf":[],"yoast_head":"<!-- This site is optimized with the Yoast SEO plugin v23.4 - https:\/\/yoast.com\/wordpress\/plugins\/seo\/ -->\n<title>Friends of the Sea 2024: &quot;Fishing&quot; - Astoria centar<\/title>\n<meta name=\"robots\" content=\"index, follow, max-snippet:-1, max-image-preview:large, max-video-preview:-1\" \/>\n<link rel=\"canonical\" href=\"https:\/\/astoria.hr\/en\/friends-of-the-sea-2024-fishing\/\" \/>\n<meta property=\"og:locale\" content=\"en_US\" \/>\n<meta property=\"og:type\" content=\"article\" \/>\n<meta property=\"og:title\" content=\"Friends of the Sea 2024: &quot;Fishing&quot; - Astoria centar\" \/>\n<meta property=\"og:description\" content=\"For the fourteenth year, the attractive exhibition of the &#8220;Friends [&hellip;]\" \/>\n<meta property=\"og:url\" content=\"https:\/\/astoria.hr\/en\/friends-of-the-sea-2024-fishing\/\" \/>\n<meta property=\"og:site_name\" content=\"Astoria centar\" \/>\n<meta name=\"twitter:card\" content=\"summary_large_image\" \/>\n<meta name=\"twitter:label1\" content=\"Est. reading time\" \/>\n\t<meta name=\"twitter:data1\" content=\"2 minutes\" \/>\n<script type=\"application\/ld+json\" class=\"yoast-schema-graph\">{\"@context\":\"https:\/\/schema.org\",\"@graph\":[{\"@type\":\"WebPage\",\"@id\":\"https:\/\/astoria.hr\/en\/friends-of-the-sea-2024-fishing\/\",\"url\":\"https:\/\/astoria.hr\/en\/friends-of-the-sea-2024-fishing\/\",\"name\":\"Friends of the Sea 2024: \\\"Fishing\\\" - Astoria centar\",\"isPartOf\":{\"@id\":\"https:\/\/astoria.hr\/en\/#website\"},\"datePublished\":\"2024-05-03T12:07:39+00:00\",\"dateModified\":\"2024-05-03T12:07:39+00:00\",\"breadcrumb\":{\"@id\":\"https:\/\/astoria.hr\/en\/friends-of-the-sea-2024-fishing\/#breadcrumb\"},\"inLanguage\":\"en-US\",\"potentialAction\":[{\"@type\":\"ReadAction\",\"target\":[\"https:\/\/astoria.hr\/en\/friends-of-the-sea-2024-fishing\/\"]}]},{\"@type\":\"BreadcrumbList\",\"@id\":\"https:\/\/astoria.hr\/en\/friends-of-the-sea-2024-fishing\/#breadcrumb\",\"itemListElement\":[{\"@type\":\"ListItem\",\"position\":1,\"name\":\"Home\",\"item\":\"https:\/\/astoria.hr\/en\/cover-page\/\"},{\"@type\":\"ListItem\",\"position\":2,\"name\":\"Friends of the Sea 2024: &#8220;Fishing&#8221;\"}]},{\"@type\":\"WebSite\",\"@id\":\"https:\/\/astoria.hr\/en\/#website\",\"url\":\"https:\/\/astoria.hr\/en\/\",\"name\":\"Astoria centar\",\"description\":\"Rijeka\",\"potentialAction\":[{\"@type\":\"SearchAction\",\"target\":{\"@type\":\"EntryPoint\",\"urlTemplate\":\"https:\/\/astoria.hr\/en\/?s={search_term_string}\"},\"query-input\":{\"@type\":\"PropertyValueSpecification\",\"valueRequired\":true,\"valueName\":\"search_term_string\"}}],\"inLanguage\":\"en-US\"}]}<\/script>\n<!-- \/ Yoast SEO plugin. -->","yoast_head_json":{"title":"Friends of the Sea 2024: \"Fishing\" - Astoria centar","robots":{"index":"index","follow":"follow","max-snippet":"max-snippet:-1","max-image-preview":"max-image-preview:large","max-video-preview":"max-video-preview:-1"},"canonical":"https:\/\/astoria.hr\/en\/friends-of-the-sea-2024-fishing\/","og_locale":"en_US","og_type":"article","og_title":"Friends of the Sea 2024: \"Fishing\" - Astoria centar","og_description":"For the fourteenth year, the attractive exhibition of the &#8220;Friends [&hellip;]","og_url":"https:\/\/astoria.hr\/en\/friends-of-the-sea-2024-fishing\/","og_site_name":"Astoria centar","twitter_card":"summary_large_image","twitter_misc":{"Est. reading time":"2 minutes"},"schema":{"@context":"https:\/\/schema.org","@graph":[{"@type":"WebPage","@id":"https:\/\/astoria.hr\/en\/friends-of-the-sea-2024-fishing\/","url":"https:\/\/astoria.hr\/en\/friends-of-the-sea-2024-fishing\/","name":"Friends of the Sea 2024: \"Fishing\" - Astoria centar","isPartOf":{"@id":"https:\/\/astoria.hr\/en\/#website"},"datePublished":"2024-05-03T12:07:39+00:00","dateModified":"2024-05-03T12:07:39+00:00","breadcrumb":{"@id":"https:\/\/astoria.hr\/en\/friends-of-the-sea-2024-fishing\/#breadcrumb"},"inLanguage":"en-US","potentialAction":[{"@type":"ReadAction","target":["https:\/\/astoria.hr\/en\/friends-of-the-sea-2024-fishing\/"]}]},{"@type":"BreadcrumbList","@id":"https:\/\/astoria.hr\/en\/friends-of-the-sea-2024-fishing\/#breadcrumb","itemListElement":[{"@type":"ListItem","position":1,"name":"Home","item":"https:\/\/astoria.hr\/en\/cover-page\/"},{"@type":"ListItem","position":2,"name":"Friends of the Sea 2024: &#8220;Fishing&#8221;"}]},{"@type":"WebSite","@id":"https:\/\/astoria.hr\/en\/#website","url":"https:\/\/astoria.hr\/en\/","name":"Astoria centar","description":"Rijeka","potentialAction":[{"@type":"SearchAction","target":{"@type":"EntryPoint","urlTemplate":"https:\/\/astoria.hr\/en\/?s={search_term_string}"},"query-input":{"@type":"PropertyValueSpecification","valueRequired":true,"valueName":"search_term_string"}}],"inLanguage":"en-US"}]}},"_links":{"self":[{"href":"https:\/\/astoria.hr\/en\/wp-json\/wp\/v2\/pages\/2137","targetHints":{"allow":["GET"]}}],"collection":[{"href":"https:\/\/astoria.hr\/en\/wp-json\/wp\/v2\/pages"}],"about":[{"href":"https:\/\/astoria.hr\/en\/wp-json\/wp\/v2\/types\/page"}],"author":[{"embeddable":true,"href":"https:\/\/astoria.hr\/en\/wp-json\/wp\/v2\/users\/1"}],"replies":[{"embeddable":true,"href":"https:\/\/astoria.hr\/en\/wp-json\/wp\/v2\/comments?post=2137"}],"version-history":[{"count":0,"href":"https:\/\/astoria.hr\/en\/wp-json\/wp\/v2\/pages\/2137\/revisions"}],"wp:attachment":[{"href":"https:\/\/astoria.hr\/en\/wp-json\/wp\/v2\/media?parent=2137"}],"curies":[{"name":"wp","href":"https:\/\/api.w.org\/{rel}","templated":true}]}}