{"id":2135,"date":"2024-08-22T11:20:07","date_gmt":"2024-08-22T11:20:07","guid":{"rendered":"https:\/\/astoria.hr\/four-funerals-and-a-wedding-durda-and-franko\/"},"modified":"2024-09-18T09:02:51","modified_gmt":"2024-09-18T09:02:51","slug":"four-funerals-and-a-wedding-durda-and-franko","status":"publish","type":"page","link":"https:\/\/astoria.hr\/en\/four-funerals-and-a-wedding-durda-and-franko\/","title":{"rendered":"Four funerals and a wedding &#8211; \u0110ur\u0111a and Franko"},"content":{"rendered":"<h3>NEW PERFORMANCE OF THE MOST FAMOUS MARRIED COUPLE &#8211; \u0110UR\u0110A AND FRANK!<\/h3>\n<p>  Continuation of the most popular play in our region &#8220;Casabianca&#8221; or more precisely, the new incidents and accidents of the married couple <strong>\u0110ur\u0111a<\/strong> and <strong>Franko<\/strong> in the new play <strong>&#8220;4 FUNERALS AND WEDDINGS&#8221;<\/strong> ! \u0110ur\u0111a and Franko are a married couple. You don&#8217;t know who&#8217;s there&#8230;he absolutely can&#8217;t stand it. Then again, they can&#8217;t do one without the other. We met them in the hit play &#8220;Casabianca&#8221;, and they bring new incidents and accidents of their married life in the play &#8220;4 funerals and a wedding&#8221;. Irena Grdini\u0107 and Mario Lipov\u0161ek Battifiaca once again show this eternal paradox of love. Because \u0110ur\u0111a and Franko dislike each other so much that they actually love each other.  <\/p>\n<h2>Dom kulture \u010cavle 12 and 26.10.2024. at 20:00  <\/h2>\n<p><strong>Tickets at a price of \u20ac16 are on sale in the Caffe bar Centar &#8211; \u010cavle and in the <a href=\"https:\/\/www.mojekarte.hr\/hr\/dzurdza-franko-4-sprovoda-i-vjencanje-cavle\/ulaznice-619197.html\" target=\"_blank\" rel=\"noopener noreferrer\" data-saferedirecturl=\"https:\/\/www.google.com\/url?q=http:\/\/mojekarte.hr&amp;source=gmail&amp;ust=1724407858968000&amp;usg=AOvVaw2mVuDMRKJ22hsVljnSYebX\">mojekarte.hr<\/a> system<\/strong><\/p>\n<p>&nbsp;<\/p>\n<h2>Zagreb, Dvorana Kina SC, Savska 22 30.11.2024. at 8 p.m <\/h2>\n<p><strong>Tickets at a price of \u20ac16 are on sale in the Caffe bar Centar &#8211; \u010cavle and in the <a href=\"https:\/\/www.mojekarte.hr\/hr\/dzurdza-franko-4-sprovoda-i-vjencanje-zagreb\/ulaznice-619529.html\" target=\"_blank\" rel=\"noopener noreferrer\" data-saferedirecturl=\"https:\/\/www.google.com\/url?q=http:\/\/mojekarte.hr&amp;source=gmail&amp;ust=1724407858968000&amp;usg=AOvVaw2mVuDMRKJ22hsVljnSYebX\">mojekarte.hr<\/a> system<\/strong><\/p>\n","protected":false},"excerpt":{"rendered":"<p>NEW PERFORMANCE OF THE MOST FAMOUS MARRIED COUPLE &#8211; \u0110UR\u0110A [&hellip;]<\/p>\n","protected":false},"author":1,"featured_media":1988,"parent":0,"menu_order":0,"comment_status":"closed","ping_status":"closed","template":"","meta":{"_acf_changed":false,"footnotes":""},"class_list":["post-2135","page","type-page","status-publish","has-post-thumbnail","hentry"],"acf":[],"yoast_head":"<!-- This site is optimized with the Yoast SEO plugin v23.4 - https:\/\/yoast.com\/wordpress\/plugins\/seo\/ -->\n<title>Four funerals and a wedding - \u0110ur\u0111a and Franko - Astoria centar<\/title>\n<meta name=\"robots\" content=\"index, follow, max-snippet:-1, max-image-preview:large, max-video-preview:-1\" \/>\n<link rel=\"canonical\" href=\"https:\/\/astoria.hr\/en\/four-funerals-and-a-wedding-durda-and-franko\/\" \/>\n<meta property=\"og:locale\" content=\"en_US\" \/>\n<meta property=\"og:type\" content=\"article\" \/>\n<meta property=\"og:title\" content=\"Four funerals and a wedding - \u0110ur\u0111a and Franko - Astoria centar\" \/>\n<meta property=\"og:description\" content=\"NEW PERFORMANCE OF THE MOST FAMOUS MARRIED COUPLE &#8211; \u0110UR\u0110A [&hellip;]\" \/>\n<meta property=\"og:url\" content=\"https:\/\/astoria.hr\/en\/four-funerals-and-a-wedding-durda-and-franko\/\" \/>\n<meta property=\"og:site_name\" content=\"Astoria centar\" \/>\n<meta property=\"article:modified_time\" content=\"2024-09-18T09:02:51+00:00\" \/>\n<meta property=\"og:image\" content=\"https:\/\/astoria.hr\/wp-content\/uploads\/2024\/09\/4SiV-livingstone2-copy-1.jpg\" \/>\n\t<meta property=\"og:image:width\" content=\"1900\" \/>\n\t<meta property=\"og:image:height\" content=\"750\" \/>\n\t<meta property=\"og:image:type\" content=\"image\/jpeg\" \/>\n<meta name=\"twitter:card\" content=\"summary_large_image\" \/>\n<meta name=\"twitter:label1\" content=\"Est. reading time\" \/>\n\t<meta name=\"twitter:data1\" content=\"1 minute\" \/>\n<script type=\"application\/ld+json\" class=\"yoast-schema-graph\">{\"@context\":\"https:\/\/schema.org\",\"@graph\":[{\"@type\":\"WebPage\",\"@id\":\"https:\/\/astoria.hr\/en\/four-funerals-and-a-wedding-durda-and-franko\/\",\"url\":\"https:\/\/astoria.hr\/en\/four-funerals-and-a-wedding-durda-and-franko\/\",\"name\":\"Four funerals and a wedding - \u0110ur\u0111a and Franko - Astoria centar\",\"isPartOf\":{\"@id\":\"https:\/\/astoria.hr\/en\/#website\"},\"primaryImageOfPage\":{\"@id\":\"https:\/\/astoria.hr\/en\/four-funerals-and-a-wedding-durda-and-franko\/#primaryimage\"},\"image\":{\"@id\":\"https:\/\/astoria.hr\/en\/four-funerals-and-a-wedding-durda-and-franko\/#primaryimage\"},\"thumbnailUrl\":\"https:\/\/astoria.hr\/wp-content\/uploads\/2024\/09\/4SiV-livingstone2-copy-1.jpg\",\"datePublished\":\"2024-08-22T11:20:07+00:00\",\"dateModified\":\"2024-09-18T09:02:51+00:00\",\"breadcrumb\":{\"@id\":\"https:\/\/astoria.hr\/en\/four-funerals-and-a-wedding-durda-and-franko\/#breadcrumb\"},\"inLanguage\":\"en-US\",\"potentialAction\":[{\"@type\":\"ReadAction\",\"target\":[\"https:\/\/astoria.hr\/en\/four-funerals-and-a-wedding-durda-and-franko\/\"]}]},{\"@type\":\"ImageObject\",\"inLanguage\":\"en-US\",\"@id\":\"https:\/\/astoria.hr\/en\/four-funerals-and-a-wedding-durda-and-franko\/#primaryimage\",\"url\":\"https:\/\/astoria.hr\/wp-content\/uploads\/2024\/09\/4SiV-livingstone2-copy-1.jpg\",\"contentUrl\":\"https:\/\/astoria.hr\/wp-content\/uploads\/2024\/09\/4SiV-livingstone2-copy-1.jpg\",\"width\":1900,\"height\":750},{\"@type\":\"BreadcrumbList\",\"@id\":\"https:\/\/astoria.hr\/en\/four-funerals-and-a-wedding-durda-and-franko\/#breadcrumb\",\"itemListElement\":[{\"@type\":\"ListItem\",\"position\":1,\"name\":\"Home\",\"item\":\"https:\/\/astoria.hr\/en\/cover-page\/\"},{\"@type\":\"ListItem\",\"position\":2,\"name\":\"Four funerals and a wedding &#8211; \u0110ur\u0111a and Franko\"}]},{\"@type\":\"WebSite\",\"@id\":\"https:\/\/astoria.hr\/en\/#website\",\"url\":\"https:\/\/astoria.hr\/en\/\",\"name\":\"Astoria centar\",\"description\":\"Rijeka\",\"potentialAction\":[{\"@type\":\"SearchAction\",\"target\":{\"@type\":\"EntryPoint\",\"urlTemplate\":\"https:\/\/astoria.hr\/en\/?s={search_term_string}\"},\"query-input\":{\"@type\":\"PropertyValueSpecification\",\"valueRequired\":true,\"valueName\":\"search_term_string\"}}],\"inLanguage\":\"en-US\"}]}<\/script>\n<!-- \/ Yoast SEO plugin. -->","yoast_head_json":{"title":"Four funerals and a wedding - \u0110ur\u0111a and Franko - Astoria centar","robots":{"index":"index","follow":"follow","max-snippet":"max-snippet:-1","max-image-preview":"max-image-preview:large","max-video-preview":"max-video-preview:-1"},"canonical":"https:\/\/astoria.hr\/en\/four-funerals-and-a-wedding-durda-and-franko\/","og_locale":"en_US","og_type":"article","og_title":"Four funerals and a wedding - \u0110ur\u0111a and Franko - Astoria centar","og_description":"NEW PERFORMANCE OF THE MOST FAMOUS MARRIED COUPLE &#8211; \u0110UR\u0110A [&hellip;]","og_url":"https:\/\/astoria.hr\/en\/four-funerals-and-a-wedding-durda-and-franko\/","og_site_name":"Astoria centar","article_modified_time":"2024-09-18T09:02:51+00:00","og_image":[{"width":1900,"height":750,"url":"https:\/\/astoria.hr\/wp-content\/uploads\/2024\/09\/4SiV-livingstone2-copy-1.jpg","type":"image\/jpeg"}],"twitter_card":"summary_large_image","twitter_misc":{"Est. reading time":"1 minute"},"schema":{"@context":"https:\/\/schema.org","@graph":[{"@type":"WebPage","@id":"https:\/\/astoria.hr\/en\/four-funerals-and-a-wedding-durda-and-franko\/","url":"https:\/\/astoria.hr\/en\/four-funerals-and-a-wedding-durda-and-franko\/","name":"Four funerals and a wedding - \u0110ur\u0111a and Franko - Astoria centar","isPartOf":{"@id":"https:\/\/astoria.hr\/en\/#website"},"primaryImageOfPage":{"@id":"https:\/\/astoria.hr\/en\/four-funerals-and-a-wedding-durda-and-franko\/#primaryimage"},"image":{"@id":"https:\/\/astoria.hr\/en\/four-funerals-and-a-wedding-durda-and-franko\/#primaryimage"},"thumbnailUrl":"https:\/\/astoria.hr\/wp-content\/uploads\/2024\/09\/4SiV-livingstone2-copy-1.jpg","datePublished":"2024-08-22T11:20:07+00:00","dateModified":"2024-09-18T09:02:51+00:00","breadcrumb":{"@id":"https:\/\/astoria.hr\/en\/four-funerals-and-a-wedding-durda-and-franko\/#breadcrumb"},"inLanguage":"en-US","potentialAction":[{"@type":"ReadAction","target":["https:\/\/astoria.hr\/en\/four-funerals-and-a-wedding-durda-and-franko\/"]}]},{"@type":"ImageObject","inLanguage":"en-US","@id":"https:\/\/astoria.hr\/en\/four-funerals-and-a-wedding-durda-and-franko\/#primaryimage","url":"https:\/\/astoria.hr\/wp-content\/uploads\/2024\/09\/4SiV-livingstone2-copy-1.jpg","contentUrl":"https:\/\/astoria.hr\/wp-content\/uploads\/2024\/09\/4SiV-livingstone2-copy-1.jpg","width":1900,"height":750},{"@type":"BreadcrumbList","@id":"https:\/\/astoria.hr\/en\/four-funerals-and-a-wedding-durda-and-franko\/#breadcrumb","itemListElement":[{"@type":"ListItem","position":1,"name":"Home","item":"https:\/\/astoria.hr\/en\/cover-page\/"},{"@type":"ListItem","position":2,"name":"Four funerals and a wedding &#8211; \u0110ur\u0111a and Franko"}]},{"@type":"WebSite","@id":"https:\/\/astoria.hr\/en\/#website","url":"https:\/\/astoria.hr\/en\/","name":"Astoria centar","description":"Rijeka","potentialAction":[{"@type":"SearchAction","target":{"@type":"EntryPoint","urlTemplate":"https:\/\/astoria.hr\/en\/?s={search_term_string}"},"query-input":{"@type":"PropertyValueSpecification","valueRequired":true,"valueName":"search_term_string"}}],"inLanguage":"en-US"}]}},"_links":{"self":[{"href":"https:\/\/astoria.hr\/en\/wp-json\/wp\/v2\/pages\/2135","targetHints":{"allow":["GET"]}}],"collection":[{"href":"https:\/\/astoria.hr\/en\/wp-json\/wp\/v2\/pages"}],"about":[{"href":"https:\/\/astoria.hr\/en\/wp-json\/wp\/v2\/types\/page"}],"author":[{"embeddable":true,"href":"https:\/\/astoria.hr\/en\/wp-json\/wp\/v2\/users\/1"}],"replies":[{"embeddable":true,"href":"https:\/\/astoria.hr\/en\/wp-json\/wp\/v2\/comments?post=2135"}],"version-history":[{"count":1,"href":"https:\/\/astoria.hr\/en\/wp-json\/wp\/v2\/pages\/2135\/revisions"}],"predecessor-version":[{"id":2213,"href":"https:\/\/astoria.hr\/en\/wp-json\/wp\/v2\/pages\/2135\/revisions\/2213"}],"wp:featuredmedia":[{"embeddable":true,"href":"https:\/\/astoria.hr\/en\/wp-json\/wp\/v2\/media\/1988"}],"wp:attachment":[{"href":"https:\/\/astoria.hr\/en\/wp-json\/wp\/v2\/media?parent=2135"}],"curies":[{"name":"wp","href":"https:\/\/api.w.org\/{rel}","templated":true}]}}