{"id":2127,"date":"2024-09-12T11:28:02","date_gmt":"2024-09-12T11:28:02","guid":{"rendered":"https:\/\/astoria.hr\/friends-of-the-sea-2025-rhythm-of-light\/"},"modified":"2024-09-12T11:28:02","modified_gmt":"2024-09-12T11:28:02","slug":"friends-of-the-sea-2025-rhythm-of-light","status":"publish","type":"page","link":"https:\/\/astoria.hr\/en\/friends-of-the-sea-2025-rhythm-of-light\/","title":{"rendered":"Friends of the Sea 2025: &#8220;Rhythm of Light&#8221;"},"content":{"rendered":"<p>For the fifteenth year, the attractive exhibition of the &#8220;Friends of the Sea&#8221; project is touring the squares and waterfronts of the Croatian Adriatic. During the summer of 2025, a large number of visitors will see the exhibition at ten destinations in Istria and the Northern Adriatic.    <\/p>\n<h3>About the &#8220;Friends of the Sea&#8221; project<\/h3>\n<p>  In 2009, the Livingstone association from Rijeka and the Astoria company designed the national cultural-tourism campaign &#8220;Friends of the Sea&#8221;. The goal is to draw the attention of the Croatian public and all visitors to the role of photography in media culture and the social responsibility and ongoing value of promoting the ecology and preservation of the Adriatic Sea with large-format outdoor photo exhibitions every year during the summer months.    <\/p>\n<h3>EXHIBITION 2025 &#8211; Friends of the Sea: &#8220;Rhythm of Light&#8221; <\/h3>\n<p>  The exhibition from the series &#8220;Friends of the Sea&#8221; in 2025 in 30 large formats examines fishing and life at sea and presents visuals as seen by photographers looking for their authentic shots in the optical play of light. The aim of this exhibition is to show domestic and foreign visitors an enviable media culture through photography, which shows life in a specific way through the rhythm of light and shadow. The photographic excellence of the selected authors is reflected in their understanding of artistic aesthetics. The works were selected by the expert team of the &#8220;Rovinj Photodays&#8221; festival, and are exhibited by: Petar Trinajsti\u0107, Ivo Pervan, Ivan Kosi\u0107, Mario Romuli\u0107 and Dra\u017een Stoj\u010di\u0107 In cooperation with the tourist boards, Friends of the Sea will be hosted by: Pula, Rovinj, Mali Lo\u0161inj, Krk, Njivice, Omi\u0161alj , Ba\u0161ka, Punat, \u0160ilo and Malinska.      &nbsp;<\/p>\n<h3>Planned schedule of exhibitions in 2025.<\/h3>\n<p><strong>Pula<\/strong> 08.05. \u2013 15.05. <strong>Rovinj<\/strong> 15.05. \u2013 22.05. <strong>Mali Lo\u0161inj<\/strong> 23.05. \u2013 05.06. <strong>Krk<\/strong> 06.06. \u2013 20.06. <strong>Njivice<\/strong> 20.06. \u2013 04.07. <strong>Omisalj<\/strong> 04.07. \u2013 18.07. <strong>Ba\u0161ka<\/strong> 18.07. \u2013 01.08. <strong>Punat<\/strong> 01.08. \u2013 15.08. <strong>Shilo<\/strong> 15.08. \u2013 29.08. <strong>Malinska<\/strong> 29.08. \u2013 12.09.&nbsp; <strong>More about the project: <a href=\"http:\/\/www.prijateljimora.com\/\">www.prijateljimora.com<\/a><\/strong>          <\/p>\n","protected":false},"excerpt":{"rendered":"<p>For the fifteenth year, the attractive exhibition of the &#8220;Friends [&hellip;]<\/p>\n","protected":false},"author":3,"featured_media":1992,"parent":0,"menu_order":0,"comment_status":"closed","ping_status":"closed","template":"100-width.php","meta":{"_acf_changed":false,"footnotes":""},"class_list":["post-2127","page","type-page","status-publish","has-post-thumbnail","hentry"],"acf":[],"yoast_head":"<!-- This site is optimized with the Yoast SEO plugin v23.4 - https:\/\/yoast.com\/wordpress\/plugins\/seo\/ -->\n<title>Friends of the Sea 2025: &quot;Rhythm of Light&quot; - Astoria centar<\/title>\n<meta name=\"robots\" content=\"index, follow, max-snippet:-1, max-image-preview:large, max-video-preview:-1\" \/>\n<link rel=\"canonical\" href=\"https:\/\/astoria.hr\/en\/friends-of-the-sea-2025-rhythm-of-light\/\" \/>\n<meta property=\"og:locale\" content=\"en_US\" \/>\n<meta property=\"og:type\" content=\"article\" \/>\n<meta property=\"og:title\" content=\"Friends of the Sea 2025: &quot;Rhythm of Light&quot; - Astoria centar\" \/>\n<meta property=\"og:description\" content=\"For the fifteenth year, the attractive exhibition of the &#8220;Friends [&hellip;]\" \/>\n<meta property=\"og:url\" content=\"https:\/\/astoria.hr\/en\/friends-of-the-sea-2025-rhythm-of-light\/\" \/>\n<meta property=\"og:site_name\" content=\"Astoria centar\" \/>\n<meta name=\"twitter:card\" content=\"summary_large_image\" \/>\n<meta name=\"twitter:label1\" content=\"Est. reading time\" \/>\n\t<meta name=\"twitter:data1\" content=\"2 minutes\" \/>\n<script type=\"application\/ld+json\" class=\"yoast-schema-graph\">{\"@context\":\"https:\/\/schema.org\",\"@graph\":[{\"@type\":\"WebPage\",\"@id\":\"https:\/\/astoria.hr\/en\/friends-of-the-sea-2025-rhythm-of-light\/\",\"url\":\"https:\/\/astoria.hr\/en\/friends-of-the-sea-2025-rhythm-of-light\/\",\"name\":\"Friends of the Sea 2025: \\\"Rhythm of Light\\\" - Astoria centar\",\"isPartOf\":{\"@id\":\"https:\/\/astoria.hr\/en\/#website\"},\"primaryImageOfPage\":{\"@id\":\"https:\/\/astoria.hr\/en\/friends-of-the-sea-2025-rhythm-of-light\/#primaryimage\"},\"image\":{\"@id\":\"https:\/\/astoria.hr\/en\/friends-of-the-sea-2025-rhythm-of-light\/#primaryimage\"},\"thumbnailUrl\":\"https:\/\/astoria.hr\/wp-content\/uploads\/2024\/09\/PM2024-slider-copy.jpg\",\"datePublished\":\"2024-09-12T11:28:02+00:00\",\"dateModified\":\"2024-09-12T11:28:02+00:00\",\"breadcrumb\":{\"@id\":\"https:\/\/astoria.hr\/en\/friends-of-the-sea-2025-rhythm-of-light\/#breadcrumb\"},\"inLanguage\":\"en-US\",\"potentialAction\":[{\"@type\":\"ReadAction\",\"target\":[\"https:\/\/astoria.hr\/en\/friends-of-the-sea-2025-rhythm-of-light\/\"]}]},{\"@type\":\"ImageObject\",\"inLanguage\":\"en-US\",\"@id\":\"https:\/\/astoria.hr\/en\/friends-of-the-sea-2025-rhythm-of-light\/#primaryimage\",\"url\":\"https:\/\/astoria.hr\/wp-content\/uploads\/2024\/09\/PM2024-slider-copy.jpg\",\"contentUrl\":\"https:\/\/astoria.hr\/wp-content\/uploads\/2024\/09\/PM2024-slider-copy.jpg\",\"width\":1512,\"height\":612},{\"@type\":\"BreadcrumbList\",\"@id\":\"https:\/\/astoria.hr\/en\/friends-of-the-sea-2025-rhythm-of-light\/#breadcrumb\",\"itemListElement\":[{\"@type\":\"ListItem\",\"position\":1,\"name\":\"Home\",\"item\":\"https:\/\/astoria.hr\/en\/cover-page\/\"},{\"@type\":\"ListItem\",\"position\":2,\"name\":\"Friends of the Sea 2025: &#8220;Rhythm of Light&#8221;\"}]},{\"@type\":\"WebSite\",\"@id\":\"https:\/\/astoria.hr\/en\/#website\",\"url\":\"https:\/\/astoria.hr\/en\/\",\"name\":\"Astoria centar\",\"description\":\"Rijeka\",\"potentialAction\":[{\"@type\":\"SearchAction\",\"target\":{\"@type\":\"EntryPoint\",\"urlTemplate\":\"https:\/\/astoria.hr\/en\/?s={search_term_string}\"},\"query-input\":{\"@type\":\"PropertyValueSpecification\",\"valueRequired\":true,\"valueName\":\"search_term_string\"}}],\"inLanguage\":\"en-US\"}]}<\/script>\n<!-- \/ Yoast SEO plugin. -->","yoast_head_json":{"title":"Friends of the Sea 2025: \"Rhythm of Light\" - Astoria centar","robots":{"index":"index","follow":"follow","max-snippet":"max-snippet:-1","max-image-preview":"max-image-preview:large","max-video-preview":"max-video-preview:-1"},"canonical":"https:\/\/astoria.hr\/en\/friends-of-the-sea-2025-rhythm-of-light\/","og_locale":"en_US","og_type":"article","og_title":"Friends of the Sea 2025: \"Rhythm of Light\" - Astoria centar","og_description":"For the fifteenth year, the attractive exhibition of the &#8220;Friends [&hellip;]","og_url":"https:\/\/astoria.hr\/en\/friends-of-the-sea-2025-rhythm-of-light\/","og_site_name":"Astoria centar","twitter_card":"summary_large_image","twitter_misc":{"Est. reading time":"2 minutes"},"schema":{"@context":"https:\/\/schema.org","@graph":[{"@type":"WebPage","@id":"https:\/\/astoria.hr\/en\/friends-of-the-sea-2025-rhythm-of-light\/","url":"https:\/\/astoria.hr\/en\/friends-of-the-sea-2025-rhythm-of-light\/","name":"Friends of the Sea 2025: \"Rhythm of Light\" - Astoria centar","isPartOf":{"@id":"https:\/\/astoria.hr\/en\/#website"},"primaryImageOfPage":{"@id":"https:\/\/astoria.hr\/en\/friends-of-the-sea-2025-rhythm-of-light\/#primaryimage"},"image":{"@id":"https:\/\/astoria.hr\/en\/friends-of-the-sea-2025-rhythm-of-light\/#primaryimage"},"thumbnailUrl":"https:\/\/astoria.hr\/wp-content\/uploads\/2024\/09\/PM2024-slider-copy.jpg","datePublished":"2024-09-12T11:28:02+00:00","dateModified":"2024-09-12T11:28:02+00:00","breadcrumb":{"@id":"https:\/\/astoria.hr\/en\/friends-of-the-sea-2025-rhythm-of-light\/#breadcrumb"},"inLanguage":"en-US","potentialAction":[{"@type":"ReadAction","target":["https:\/\/astoria.hr\/en\/friends-of-the-sea-2025-rhythm-of-light\/"]}]},{"@type":"ImageObject","inLanguage":"en-US","@id":"https:\/\/astoria.hr\/en\/friends-of-the-sea-2025-rhythm-of-light\/#primaryimage","url":"https:\/\/astoria.hr\/wp-content\/uploads\/2024\/09\/PM2024-slider-copy.jpg","contentUrl":"https:\/\/astoria.hr\/wp-content\/uploads\/2024\/09\/PM2024-slider-copy.jpg","width":1512,"height":612},{"@type":"BreadcrumbList","@id":"https:\/\/astoria.hr\/en\/friends-of-the-sea-2025-rhythm-of-light\/#breadcrumb","itemListElement":[{"@type":"ListItem","position":1,"name":"Home","item":"https:\/\/astoria.hr\/en\/cover-page\/"},{"@type":"ListItem","position":2,"name":"Friends of the Sea 2025: &#8220;Rhythm of Light&#8221;"}]},{"@type":"WebSite","@id":"https:\/\/astoria.hr\/en\/#website","url":"https:\/\/astoria.hr\/en\/","name":"Astoria centar","description":"Rijeka","potentialAction":[{"@type":"SearchAction","target":{"@type":"EntryPoint","urlTemplate":"https:\/\/astoria.hr\/en\/?s={search_term_string}"},"query-input":{"@type":"PropertyValueSpecification","valueRequired":true,"valueName":"search_term_string"}}],"inLanguage":"en-US"}]}},"_links":{"self":[{"href":"https:\/\/astoria.hr\/en\/wp-json\/wp\/v2\/pages\/2127","targetHints":{"allow":["GET"]}}],"collection":[{"href":"https:\/\/astoria.hr\/en\/wp-json\/wp\/v2\/pages"}],"about":[{"href":"https:\/\/astoria.hr\/en\/wp-json\/wp\/v2\/types\/page"}],"author":[{"embeddable":true,"href":"https:\/\/astoria.hr\/en\/wp-json\/wp\/v2\/users\/3"}],"replies":[{"embeddable":true,"href":"https:\/\/astoria.hr\/en\/wp-json\/wp\/v2\/comments?post=2127"}],"version-history":[{"count":0,"href":"https:\/\/astoria.hr\/en\/wp-json\/wp\/v2\/pages\/2127\/revisions"}],"wp:featuredmedia":[{"embeddable":true,"href":"https:\/\/astoria.hr\/en\/wp-json\/wp\/v2\/media\/1992"}],"wp:attachment":[{"href":"https:\/\/astoria.hr\/en\/wp-json\/wp\/v2\/media?parent=2127"}],"curies":[{"name":"wp","href":"https:\/\/api.w.org\/{rel}","templated":true}]}}