{"id":2056,"date":"2024-03-05T10:03:00","date_gmt":"2024-03-05T10:03:00","guid":{"rendered":"https:\/\/astoria.hr\/theater-festival\/"},"modified":"2024-03-05T10:03:00","modified_gmt":"2024-03-05T10:03:00","slug":"theater-festival","status":"publish","type":"page","link":"https:\/\/astoria.hr\/en\/theater-festival\/","title":{"rendered":"THEATER FESTIVAL"},"content":{"rendered":"<h2><strong>Omi\u0161alj-<\/strong> <strong>\u010cavle<\/strong> <strong>Theater Festival<\/strong><\/h2>\n<h2><strong>21st &#8211; 28th&nbsp; June 2024<\/strong><\/h2>\n<p>  Omi\u0161alj and the town of Grobnik alternate in the role of hosts of the People&#8217;s Theater Festival, an event that celebrates the most popular plays of Croatian theatres! Performances are held alternately on Prike\u0161te square and the ancient city of Grobnik*. The goal, of course, is to watch everything. The specialty of this one&nbsp; festival&nbsp; lies in the cultural cooperation of the former Frankopan castles, the Municipality of Omi\u0161alj and the Municipality of \u010cavle, an environment rich in cultural tradition and folk creativity. * in case of bad weather, the performances are moved to the new Community Center in Omi\u0161lj, i.e. to the \u010cavle Cultural Center in Grobnik * There is no ticket reservation, it is enough to arrive early and take your place. * Admission to all performances is free.       &nbsp;<\/p>\n<h3>\u010cAVLE &#8211; GRAD GROBNIK Ka\u0161tel, 21:00<\/h3>\n<p><span lang=\"EN-US\" style=\"font-family: 'Open Sans',sans-serif;\">In case of bad weather, the plays are performed in the \u010cavle Cultural Centre<\/span><\/p>\n<h2>NOTHING WILL HAPPEN TO THEM &#8211; Friday, June 21, 2024. &#8211; FESTIVAL OPENING <\/h2>\n<p><strong>Production:<\/strong> Kazali\u0161te Moruzgva <strong>Text:<\/strong> Tanja Mravak <strong>Directed and adapted by:<\/strong> Tamara Damjanovi\u0107 <strong>Scenography:<\/strong> Tamara Damjanovi\u0107, Marita \u0106opo and Luka Mati\u0107 <strong>Cast:<\/strong> Ecija Ojdani\u0107 and Frano Ma\u0161kovi\u0107 <strong>Duration:<\/strong> 80 min One average family, one long marriage, one worried mother, one free-spirited father and at the end of the day, a long-standing love before a crisis. Nothing will be good for them&#8217; is a story about a house from which children who are no longer children have left, and the parents suddenly find themselves alone, in front of each other, rather than next to each other. Seeing a different experience in each other, they accuse each other and fundamentally do not understand each other.    <\/p>\n<h2>WHO IS CRAZY HERE &#8211; Tuesday, June 25, 2024.<\/h2>\n<p><strong>Production:<\/strong> Planet art Theater <strong>Text:<\/strong> DR Sanderson   <strong>Direction and scenography:&nbsp;<\/strong>Marko Torjanac <strong>Translation:<\/strong> Jasminka Beader <strong>Played by:<\/strong> Natalija \u0110or\u0111evi\u0107 and Marko Torjanac <strong>Duration:<\/strong> 80 min Through 6 steps and 1 insight to complete happiness a performance for self-help (respite) in times of crisis <em>Who is crazy here?<\/em> is a combination of black comedy, drama and burlesque that, through a subtle ludic approach, introduces us to sensible dissidents from the real world while at the same time exposing all its fragility. Anticipating an imminent cataclysm, our protagonists seek refuge in the Eden Clinic, and they let us go home with the question of which side of the madness we choose to be on.   <\/p>\n<h2>EYES IN EYES WITH THE LORD &#8211; Thursday, June 27, 2024.<\/h2>\n<p><strong>Author and actor:<\/strong>&nbsp; Enio Me\u0161trovi\u0107 &#8211; Ri\u010dard <strong>Production<\/strong> : Harlequin comedy <strong>Master of tone and light:<\/strong>&nbsp; Zrinko Mu\u017ei\u0107 <strong>Duration:<\/strong> 100 min The plot of the play tells about the sublime moment of death, when the main character, the well-known Ri\u010dard, comes to St. Peter to face God, discussing his life&#8217;s sins. The favorite Zadar actor and performer Enio Me\u0161trovi\u0107 is the author of the play in which he also plays the character of his now iconic alter ego &#8211; Ri\u010dard, and Gordana Hleb, Dragan Veseli\u0107 and Davor Oli\u0107 also perform in the play.    <\/p>\n<h3>&nbsp;<\/h3>\n<h3><strong>OMI\u0160ALJ PRIKE\u0160TE, 21:00<\/strong><\/h3>\n<p>  In case of bad weather, the plays are played in the new Community Center in Omi\u0161lj  <\/p>\n<h2>PE\u0110A GVOZDI\u0106 &#8220;PRA\u010cOVJEK&#8221; &#8211; Sunday, June 23, 2024.<\/h2>\n<p><strong>Production:&nbsp;<\/strong>City theaters Zorin dom, Zakon Teatar and Theater Mogula <strong>Author:<\/strong> Rob Becker <strong>Director and actor:<\/strong>&nbsp; Pe\u0111a Gvozdi\u0107 <strong>Age: 16+<\/strong> <strong>Duration:<\/strong> 100 min The longest running one man show on Broadway is finally in Croatia! If you are a young couple, if you are an old couple, if you are a former or future couple, or if you have no money, then be sure to watch the unfiltered comedy Prehuman, only for adults 16+! The ancient man offers answers to the eternal war of the sexes &#8211; the stereotypical, yet true differences between men and women from prehistory to the present day. Through many transformations and exceptional acting skills, the Croatian Ancient Pe\u0111a Gvozdi\u0107 will make you laugh, bring you to tears, teach and reconcile irreconcilably.     <\/p>\n<h2>WHEN THE SOUTH HITS &#8211; Wednesday, June 26, 2024.<\/h2>\n<p><strong>Production:<\/strong> B GLAD Production <strong>Text:<\/strong> Petra Kraljev and Igor Weidlich Director: Nevena Vukes Scenography: Josip Vrbani\u0107 <strong>Starring:<\/strong>&nbsp; Petra Kraljev and Jagoda Kumri\u0107 <strong>Duration:<\/strong>&nbsp; 70 min Mimi and Gita are best friends in their early thirties, like sisters, but their long-term acquaintance is now facing big challenges because some new moments of hiding the truth, brutal (in)honesty, even jealousy have crept into their lives. Petra Kraljev and Jagoda Kumri\u0107 in roles you haven&#8217;t had the chance to see before.   <\/p>\n<h2>HAPPY PEOPLE &#8211; Friday, June 28, 2024. &#8211; CLOSING OF THE FESTIVAL <\/h2>\n<p><strong>Production:<\/strong> Lectirum Theater <strong>Text:<\/strong> Nina Mitrovi\u0107 <strong>Director:<\/strong> Zoran Mu\u017ei\u0107 <strong>Scenographer:<\/strong> Miljenko Sekuli\u0107 <strong>Actors:<\/strong>&nbsp; Ksenija Paji\u010d, Natalija \u0110or\u0111evi\u0107, Sini\u0161a Popovi\u0107 and Mladen \u010cutura <strong>Duration:<\/strong> 80 min The action of this romantic comedy takes place in the theater during the performance. The audience watches the audience played by the actors. The author herself says that this text raises the question of why we do not know how to get closer to each other and why it is so difficult for us to master the art of living. The play is imbued with humor, so humor (which is strongly, completely and artistically inspired by the actors) is the way that leads to the result of comedy.     <\/p>\n<h3>&nbsp;<\/h3>\n<h3>&nbsp;<\/h3>\n","protected":false},"excerpt":{"rendered":"<p>Omi\u0161alj- \u010cavle Theater Festival 21st &#8211; 28th&nbsp; June 2024 Omi\u0161alj [&hellip;]<\/p>\n","protected":false},"author":1,"featured_media":0,"parent":0,"menu_order":0,"comment_status":"closed","ping_status":"closed","template":"","meta":{"_acf_changed":false,"footnotes":""},"class_list":["post-2056","page","type-page","status-publish","hentry"],"acf":[],"yoast_head":"<!-- This site is optimized with the Yoast SEO plugin v23.4 - https:\/\/yoast.com\/wordpress\/plugins\/seo\/ -->\n<title>THEATER FESTIVAL - Astoria centar<\/title>\n<meta name=\"robots\" content=\"index, follow, max-snippet:-1, max-image-preview:large, max-video-preview:-1\" \/>\n<link rel=\"canonical\" href=\"https:\/\/astoria.hr\/en\/theater-festival\/\" \/>\n<meta property=\"og:locale\" content=\"en_US\" \/>\n<meta property=\"og:type\" content=\"article\" \/>\n<meta property=\"og:title\" content=\"THEATER FESTIVAL - Astoria centar\" \/>\n<meta property=\"og:description\" content=\"Omi\u0161alj- \u010cavle Theater Festival 21st &#8211; 28th&nbsp; June 2024 Omi\u0161alj [&hellip;]\" \/>\n<meta property=\"og:url\" content=\"https:\/\/astoria.hr\/en\/theater-festival\/\" \/>\n<meta property=\"og:site_name\" content=\"Astoria centar\" \/>\n<meta name=\"twitter:card\" content=\"summary_large_image\" \/>\n<meta name=\"twitter:label1\" content=\"Est. reading time\" \/>\n\t<meta name=\"twitter:data1\" content=\"4 minutes\" \/>\n<script type=\"application\/ld+json\" class=\"yoast-schema-graph\">{\"@context\":\"https:\/\/schema.org\",\"@graph\":[{\"@type\":\"WebPage\",\"@id\":\"https:\/\/astoria.hr\/en\/theater-festival\/\",\"url\":\"https:\/\/astoria.hr\/en\/theater-festival\/\",\"name\":\"THEATER FESTIVAL - Astoria centar\",\"isPartOf\":{\"@id\":\"https:\/\/astoria.hr\/en\/#website\"},\"datePublished\":\"2024-03-05T10:03:00+00:00\",\"dateModified\":\"2024-03-05T10:03:00+00:00\",\"breadcrumb\":{\"@id\":\"https:\/\/astoria.hr\/en\/theater-festival\/#breadcrumb\"},\"inLanguage\":\"en-US\",\"potentialAction\":[{\"@type\":\"ReadAction\",\"target\":[\"https:\/\/astoria.hr\/en\/theater-festival\/\"]}]},{\"@type\":\"BreadcrumbList\",\"@id\":\"https:\/\/astoria.hr\/en\/theater-festival\/#breadcrumb\",\"itemListElement\":[{\"@type\":\"ListItem\",\"position\":1,\"name\":\"Home\",\"item\":\"https:\/\/astoria.hr\/en\/cover-page\/\"},{\"@type\":\"ListItem\",\"position\":2,\"name\":\"THEATER FESTIVAL\"}]},{\"@type\":\"WebSite\",\"@id\":\"https:\/\/astoria.hr\/en\/#website\",\"url\":\"https:\/\/astoria.hr\/en\/\",\"name\":\"Astoria centar\",\"description\":\"Rijeka\",\"potentialAction\":[{\"@type\":\"SearchAction\",\"target\":{\"@type\":\"EntryPoint\",\"urlTemplate\":\"https:\/\/astoria.hr\/en\/?s={search_term_string}\"},\"query-input\":{\"@type\":\"PropertyValueSpecification\",\"valueRequired\":true,\"valueName\":\"search_term_string\"}}],\"inLanguage\":\"en-US\"}]}<\/script>\n<!-- \/ Yoast SEO plugin. -->","yoast_head_json":{"title":"THEATER FESTIVAL - Astoria centar","robots":{"index":"index","follow":"follow","max-snippet":"max-snippet:-1","max-image-preview":"max-image-preview:large","max-video-preview":"max-video-preview:-1"},"canonical":"https:\/\/astoria.hr\/en\/theater-festival\/","og_locale":"en_US","og_type":"article","og_title":"THEATER FESTIVAL - Astoria centar","og_description":"Omi\u0161alj- \u010cavle Theater Festival 21st &#8211; 28th&nbsp; June 2024 Omi\u0161alj [&hellip;]","og_url":"https:\/\/astoria.hr\/en\/theater-festival\/","og_site_name":"Astoria centar","twitter_card":"summary_large_image","twitter_misc":{"Est. reading time":"4 minutes"},"schema":{"@context":"https:\/\/schema.org","@graph":[{"@type":"WebPage","@id":"https:\/\/astoria.hr\/en\/theater-festival\/","url":"https:\/\/astoria.hr\/en\/theater-festival\/","name":"THEATER FESTIVAL - Astoria centar","isPartOf":{"@id":"https:\/\/astoria.hr\/en\/#website"},"datePublished":"2024-03-05T10:03:00+00:00","dateModified":"2024-03-05T10:03:00+00:00","breadcrumb":{"@id":"https:\/\/astoria.hr\/en\/theater-festival\/#breadcrumb"},"inLanguage":"en-US","potentialAction":[{"@type":"ReadAction","target":["https:\/\/astoria.hr\/en\/theater-festival\/"]}]},{"@type":"BreadcrumbList","@id":"https:\/\/astoria.hr\/en\/theater-festival\/#breadcrumb","itemListElement":[{"@type":"ListItem","position":1,"name":"Home","item":"https:\/\/astoria.hr\/en\/cover-page\/"},{"@type":"ListItem","position":2,"name":"THEATER FESTIVAL"}]},{"@type":"WebSite","@id":"https:\/\/astoria.hr\/en\/#website","url":"https:\/\/astoria.hr\/en\/","name":"Astoria centar","description":"Rijeka","potentialAction":[{"@type":"SearchAction","target":{"@type":"EntryPoint","urlTemplate":"https:\/\/astoria.hr\/en\/?s={search_term_string}"},"query-input":{"@type":"PropertyValueSpecification","valueRequired":true,"valueName":"search_term_string"}}],"inLanguage":"en-US"}]}},"_links":{"self":[{"href":"https:\/\/astoria.hr\/en\/wp-json\/wp\/v2\/pages\/2056","targetHints":{"allow":["GET"]}}],"collection":[{"href":"https:\/\/astoria.hr\/en\/wp-json\/wp\/v2\/pages"}],"about":[{"href":"https:\/\/astoria.hr\/en\/wp-json\/wp\/v2\/types\/page"}],"author":[{"embeddable":true,"href":"https:\/\/astoria.hr\/en\/wp-json\/wp\/v2\/users\/1"}],"replies":[{"embeddable":true,"href":"https:\/\/astoria.hr\/en\/wp-json\/wp\/v2\/comments?post=2056"}],"version-history":[{"count":0,"href":"https:\/\/astoria.hr\/en\/wp-json\/wp\/v2\/pages\/2056\/revisions"}],"wp:attachment":[{"href":"https:\/\/astoria.hr\/en\/wp-json\/wp\/v2\/media?parent=2056"}],"curies":[{"name":"wp","href":"https:\/\/api.w.org\/{rel}","templated":true}]}}