{"id":2042,"date":"2013-08-19T09:27:34","date_gmt":"2013-08-19T09:27:34","guid":{"rendered":"https:\/\/astoria.hr\/giants-of-croatian-photography-in-the-50s\/"},"modified":"2013-08-19T09:27:34","modified_gmt":"2013-08-19T09:27:34","slug":"giants-of-croatian-photography-in-the-50s","status":"publish","type":"page","link":"https:\/\/astoria.hr\/en\/giants-of-croatian-photography-in-the-50s\/","title":{"rendered":"Giants of Croatian photography in the 50s"},"content":{"rendered":"<h2>&#8220;Greats of Croatian photography of the 50s&#8221;<\/h2>\n<p>  This historical exhibition with the theme of the Croatian Mediterranean is best described in a few sentences by our famous photographer, writer and chronicler Abdulah Seferovi\u0107 in the preface of the catalog &#8220;Visit of the Old Lady&#8221;: &#8220;Photographs of the Croatian Adriatic from the 1950s still preserve the unattainable charm of the old lady! Simply because these are pictures of nostalgic beauty, pictures of the search for Mediterranean identity and lost time (which turned into a myth), pictures that open the way to an imaginative life 60 years ago creative dialogue with what is no longer there, yet still exists. The stylists of their black and white elegance followed, on the one hand, the spirit of the global trend of the legendary world exhibition &#8220;The Family of Man&#8221; (1955), and on the other hand, the no less legendary agency Magnum, together with the spirit of the weekly Paris Match and Life. Today, however, all this fits perfectly with the skepticism towards &#8220;reality&#8221; and &#8220;authenticity&#8221;, and even more with the postmodernist sensibility&#8217;s disinterest in formal The exhibition from the series &#8220;Friends of the Sea&#8221; in 40 formats 50\u00d770 cm presents artistic photography created in the 50s of the last century with the theme of life in the Croatian Adriatic. The works were selected by the expert team of the &#8220;Rovinj Photodays&#8221; festival and were collected from the funds of national museums, photo clubs and private collections: MUO Zagreb, Zadar National Museum, To\u0161o Dabac Archive, Rijeka City Museum, Photo Club Split, Photo Club Rijeka, Orel Private Collection , private collection of Vu\u010demilovi\u0107. The aim of this exhibition is to show domestic and foreign visitors the enviable culture of Croatian photography in the 50s. Authors: Ante i Zvonimir Brkan, Joso \u0160pralja, To\u0161o Dabac, Nikola Vu\u010demilovi\u0107, Milan Pavi\u0107, \u0110uro Griesbach, Mladen Gr\u010devi\u0107, Fernando Soprano, Alojz Orel, Andro Damjani\u0107, Ivo Toli\u0107, Zlata Laura Mizner, Igor Emili, Viktor Hreljanovi\u0107, Abdon Smokvina, Ervin Debeuc.  <strong>Photos from the exhibition:<\/strong><\/p>\n<p>[nggallery id=&#8221;17&#8243;]<\/p>\n<p>&nbsp;<\/p>\n","protected":false},"excerpt":{"rendered":"<p>&#8220;Greats of Croatian photography of the 50s&#8221; This historical exhibition [&hellip;]<\/p>\n","protected":false},"author":1,"featured_media":0,"parent":0,"menu_order":0,"comment_status":"open","ping_status":"open","template":"","meta":{"_acf_changed":false,"footnotes":""},"class_list":["post-2042","page","type-page","status-publish","hentry"],"acf":[],"yoast_head":"<!-- This site is optimized with the Yoast SEO plugin v23.4 - https:\/\/yoast.com\/wordpress\/plugins\/seo\/ -->\n<title>Giants of Croatian photography in the 50s - Astoria centar<\/title>\n<meta name=\"robots\" content=\"index, follow, max-snippet:-1, max-image-preview:large, max-video-preview:-1\" \/>\n<link rel=\"canonical\" href=\"https:\/\/astoria.hr\/en\/giants-of-croatian-photography-in-the-50s\/\" \/>\n<meta property=\"og:locale\" content=\"en_US\" \/>\n<meta property=\"og:type\" content=\"article\" \/>\n<meta property=\"og:title\" content=\"Giants of Croatian photography in the 50s - Astoria centar\" \/>\n<meta property=\"og:description\" content=\"&#8220;Greats of Croatian photography of the 50s&#8221; This historical exhibition [&hellip;]\" \/>\n<meta property=\"og:url\" content=\"https:\/\/astoria.hr\/en\/giants-of-croatian-photography-in-the-50s\/\" \/>\n<meta property=\"og:site_name\" content=\"Astoria centar\" \/>\n<meta name=\"twitter:card\" content=\"summary_large_image\" \/>\n<meta name=\"twitter:label1\" content=\"Est. reading time\" \/>\n\t<meta name=\"twitter:data1\" content=\"2 minutes\" \/>\n<script type=\"application\/ld+json\" class=\"yoast-schema-graph\">{\"@context\":\"https:\/\/schema.org\",\"@graph\":[{\"@type\":\"WebPage\",\"@id\":\"https:\/\/astoria.hr\/en\/giants-of-croatian-photography-in-the-50s\/\",\"url\":\"https:\/\/astoria.hr\/en\/giants-of-croatian-photography-in-the-50s\/\",\"name\":\"Giants of Croatian photography in the 50s - Astoria centar\",\"isPartOf\":{\"@id\":\"https:\/\/astoria.hr\/en\/#website\"},\"datePublished\":\"2013-08-19T09:27:34+00:00\",\"dateModified\":\"2013-08-19T09:27:34+00:00\",\"breadcrumb\":{\"@id\":\"https:\/\/astoria.hr\/en\/giants-of-croatian-photography-in-the-50s\/#breadcrumb\"},\"inLanguage\":\"en-US\",\"potentialAction\":[{\"@type\":\"ReadAction\",\"target\":[\"https:\/\/astoria.hr\/en\/giants-of-croatian-photography-in-the-50s\/\"]}]},{\"@type\":\"BreadcrumbList\",\"@id\":\"https:\/\/astoria.hr\/en\/giants-of-croatian-photography-in-the-50s\/#breadcrumb\",\"itemListElement\":[{\"@type\":\"ListItem\",\"position\":1,\"name\":\"Home\",\"item\":\"https:\/\/astoria.hr\/en\/cover-page\/\"},{\"@type\":\"ListItem\",\"position\":2,\"name\":\"Giants of Croatian photography in the 50s\"}]},{\"@type\":\"WebSite\",\"@id\":\"https:\/\/astoria.hr\/en\/#website\",\"url\":\"https:\/\/astoria.hr\/en\/\",\"name\":\"Astoria centar\",\"description\":\"Rijeka\",\"potentialAction\":[{\"@type\":\"SearchAction\",\"target\":{\"@type\":\"EntryPoint\",\"urlTemplate\":\"https:\/\/astoria.hr\/en\/?s={search_term_string}\"},\"query-input\":{\"@type\":\"PropertyValueSpecification\",\"valueRequired\":true,\"valueName\":\"search_term_string\"}}],\"inLanguage\":\"en-US\"}]}<\/script>\n<!-- \/ Yoast SEO plugin. -->","yoast_head_json":{"title":"Giants of Croatian photography in the 50s - Astoria centar","robots":{"index":"index","follow":"follow","max-snippet":"max-snippet:-1","max-image-preview":"max-image-preview:large","max-video-preview":"max-video-preview:-1"},"canonical":"https:\/\/astoria.hr\/en\/giants-of-croatian-photography-in-the-50s\/","og_locale":"en_US","og_type":"article","og_title":"Giants of Croatian photography in the 50s - Astoria centar","og_description":"&#8220;Greats of Croatian photography of the 50s&#8221; This historical exhibition [&hellip;]","og_url":"https:\/\/astoria.hr\/en\/giants-of-croatian-photography-in-the-50s\/","og_site_name":"Astoria centar","twitter_card":"summary_large_image","twitter_misc":{"Est. reading time":"2 minutes"},"schema":{"@context":"https:\/\/schema.org","@graph":[{"@type":"WebPage","@id":"https:\/\/astoria.hr\/en\/giants-of-croatian-photography-in-the-50s\/","url":"https:\/\/astoria.hr\/en\/giants-of-croatian-photography-in-the-50s\/","name":"Giants of Croatian photography in the 50s - Astoria centar","isPartOf":{"@id":"https:\/\/astoria.hr\/en\/#website"},"datePublished":"2013-08-19T09:27:34+00:00","dateModified":"2013-08-19T09:27:34+00:00","breadcrumb":{"@id":"https:\/\/astoria.hr\/en\/giants-of-croatian-photography-in-the-50s\/#breadcrumb"},"inLanguage":"en-US","potentialAction":[{"@type":"ReadAction","target":["https:\/\/astoria.hr\/en\/giants-of-croatian-photography-in-the-50s\/"]}]},{"@type":"BreadcrumbList","@id":"https:\/\/astoria.hr\/en\/giants-of-croatian-photography-in-the-50s\/#breadcrumb","itemListElement":[{"@type":"ListItem","position":1,"name":"Home","item":"https:\/\/astoria.hr\/en\/cover-page\/"},{"@type":"ListItem","position":2,"name":"Giants of Croatian photography in the 50s"}]},{"@type":"WebSite","@id":"https:\/\/astoria.hr\/en\/#website","url":"https:\/\/astoria.hr\/en\/","name":"Astoria centar","description":"Rijeka","potentialAction":[{"@type":"SearchAction","target":{"@type":"EntryPoint","urlTemplate":"https:\/\/astoria.hr\/en\/?s={search_term_string}"},"query-input":{"@type":"PropertyValueSpecification","valueRequired":true,"valueName":"search_term_string"}}],"inLanguage":"en-US"}]}},"_links":{"self":[{"href":"https:\/\/astoria.hr\/en\/wp-json\/wp\/v2\/pages\/2042","targetHints":{"allow":["GET"]}}],"collection":[{"href":"https:\/\/astoria.hr\/en\/wp-json\/wp\/v2\/pages"}],"about":[{"href":"https:\/\/astoria.hr\/en\/wp-json\/wp\/v2\/types\/page"}],"author":[{"embeddable":true,"href":"https:\/\/astoria.hr\/en\/wp-json\/wp\/v2\/users\/1"}],"replies":[{"embeddable":true,"href":"https:\/\/astoria.hr\/en\/wp-json\/wp\/v2\/comments?post=2042"}],"version-history":[{"count":0,"href":"https:\/\/astoria.hr\/en\/wp-json\/wp\/v2\/pages\/2042\/revisions"}],"wp:attachment":[{"href":"https:\/\/astoria.hr\/en\/wp-json\/wp\/v2\/media?parent=2042"}],"curies":[{"name":"wp","href":"https:\/\/api.w.org\/{rel}","templated":true}]}}